{"id":9126,"date":"2025-03-24T14:10:30","date_gmt":"2025-03-24T14:10:30","guid":{"rendered":"https:\/\/drdashop.com\/?post_type=product&#038;p=9126"},"modified":"2025-03-27T12:54:44","modified_gmt":"2025-03-27T12:54:44","slug":"summer-echoes","status":"publish","type":"product","link":"https:\/\/drdashop.com\/es\/producto\/summer-echoes\/","title":{"rendered":"Summer Echoes"},"content":{"rendered":"<p style=\"text-align: center;\"><a href=\"https:\/\/drdashop.com\/wp-content\/uploads\/2025\/03\/happy-doji-product-drdra-art.jpg\"><img loading=\"lazy\" decoding=\"async\" class=\"alignnone size-medium wp-image-4036\" src=\"https:\/\/drdashop.com\/wp-content\/uploads\/2025\/03\/happy-doji-product-drdra-art.jpg\" alt=\"i-autor-toni-rubio-drda-art-01\" width=\"300\" height=\"300\" \/><\/a><\/p>\n<p style=\"text-align: center;\">Esta obra de arte es un recuerdo de los momentos m\u00e1s preciados del verano: d\u00edas de descanso con el tierno calor del sol, la caricia de una brisa c\u00e1lida y la perezosa tranquilidad que define el verano.<br \/>\nEn esta obra la artista ha querido captar la esencia de la fl\u00e2nerie. La composici\u00f3n abstracta, con sus juegos de luces y sombras y sus fluidas capas de color, invita al espectador a dejarse llevar por un estado de apacible ocio. Cada elemento, desde la silueta alargada de la figura hasta la delicada flor dorada, cuenta una historia de largas tardes.<\/p>\n<p style=\"text-align: center;\">\u2022 Marco no incluido.<\/p>\n","protected":false},"excerpt":{"rendered":"<p><a href=\"https:\/\/drdashop.com\/es\/arte-contemporaneo-de-happy-doji\/\" style=\"color: #e10098; text-decoration: underline;\">Happy Doji<\/a><br \/>\nImpresiones de Edici\u00f3n Abierta<br \/>\nFine Art Paper<\/p>\n","protected":false},"featured_media":9006,"comment_status":"open","ping_status":"closed","template":"","meta":[],"product_brand":[],"product_cat":[321,238],"product_tag":[167],"class_list":{"0":"post-9126","1":"product","2":"type-product","3":"status-publish","4":"has-post-thumbnail","6":"product_cat-impresiones-de-edicion-abierta","7":"product_cat-you-believe-es","8":"product_tag-corazon","9":"pa_color-azul","10":"pa_color-blanco","11":"pa_color-cian-es-2","12":"pa_color-marron","13":"pa_color-naranja","14":"pa_color-negro","15":"pa_color-verde","17":"first","18":"instock","19":"taxable","20":"shipping-taxable","21":"purchasable","22":"product-type-variable"},"yoast_head":"<!-- This site is optimized with the Yoast SEO plugin v27.1.1 - https:\/\/yoast.com\/product\/yoast-seo-wordpress\/ -->\n<title>Summer Echoes by Happy Doji | DRDA Art<\/title>\n<meta name=\"description\" content=\"Compre la reproducci\u00f3n de la obra de arte &#039; Summer Echoes &#039; de Happy Doji: Fine Art Paper, Impresi\u00f3n de Edicion Abierta \u2013 25x30 cm, 40x50 cm, 50x60 cm\" \/>\n<meta name=\"robots\" content=\"index, follow, max-snippet:-1, max-image-preview:large, max-video-preview:-1\" \/>\n<link rel=\"canonical\" href=\"https:\/\/drdashop.com\/es\/producto\/summer-echoes\/\" \/>\n<meta property=\"og:locale\" content=\"es_ES\" \/>\n<meta property=\"og:type\" content=\"article\" \/>\n<meta property=\"og:title\" content=\"Summer Echoes \u2013 Happy Doji \u2013 Fine Art Paper\" \/>\n<meta property=\"og:description\" content=\"Compre la reproducci\u00f3n de la obra de arte &#039; Summer Echoes &#039; de Happy Doji: Fine Art Paper, Impresi\u00f3n de Edicion Abierta \u2013 25x30 cm, 40x50 cm, 50x60 cm\" \/>\n<meta property=\"og:url\" content=\"https:\/\/drdashop.com\/es\/producto\/summer-echoes\/\" \/>\n<meta property=\"og:site_name\" content=\"DRDA Art\" \/>\n<meta property=\"article:modified_time\" content=\"2025-03-27T12:54:44+00:00\" \/>\n<meta property=\"og:image\" content=\"https:\/\/drdashop.com\/wp-content\/uploads\/2025\/03\/summer-echoes-happy-doji-product-drdra-art-SEO.jpg\" \/>\n\t<meta property=\"og:image:width\" content=\"1200\" \/>\n\t<meta property=\"og:image:height\" content=\"630\" \/>\n\t<meta property=\"og:image:type\" content=\"image\/jpeg\" \/>\n<meta name=\"twitter:label1\" content=\"Tiempo de lectura\" \/>\n\t<meta name=\"twitter:data1\" content=\"1 minuto\" \/>\n<script type=\"application\/ld+json\" class=\"yoast-schema-graph\">{\"@context\":\"https:\/\/schema.org\",\"@graph\":[{\"@type\":\"WebPage\",\"@id\":\"https:\/\/drdashop.com\/es\/producto\/summer-echoes\/\",\"url\":\"https:\/\/drdashop.com\/es\/producto\/summer-echoes\/\",\"name\":\"Summer Echoes by Happy Doji | DRDA Art\",\"isPartOf\":{\"@id\":\"https:\/\/drdashop.com\/#website\"},\"primaryImageOfPage\":{\"@id\":\"https:\/\/drdashop.com\/es\/producto\/summer-echoes\/#primaryimage\"},\"image\":{\"@id\":\"https:\/\/drdashop.com\/es\/producto\/summer-echoes\/#primaryimage\"},\"thumbnailUrl\":\"https:\/\/drdashop.com\/wp-content\/uploads\/2025\/03\/summer-echoes-happy-doji-product-drdra-art-general.jpg\",\"datePublished\":\"2025-03-24T14:10:30+00:00\",\"dateModified\":\"2025-03-27T12:54:44+00:00\",\"description\":\"Compre la reproducci\u00f3n de la obra de arte ' Summer Echoes ' de Happy Doji: Fine Art Paper, Impresi\u00f3n de Edicion Abierta \u2013 25x30 cm, 40x50 cm, 50x60 cm\",\"breadcrumb\":{\"@id\":\"https:\/\/drdashop.com\/es\/producto\/summer-echoes\/#breadcrumb\"},\"inLanguage\":\"es\",\"potentialAction\":[{\"@type\":\"ReadAction\",\"target\":[\"https:\/\/drdashop.com\/es\/producto\/summer-echoes\/\"]}]},{\"@type\":\"ImageObject\",\"inLanguage\":\"es\",\"@id\":\"https:\/\/drdashop.com\/es\/producto\/summer-echoes\/#primaryimage\",\"url\":\"https:\/\/drdashop.com\/wp-content\/uploads\/2025\/03\/summer-echoes-happy-doji-product-drdra-art-general.jpg\",\"contentUrl\":\"https:\/\/drdashop.com\/wp-content\/uploads\/2025\/03\/summer-echoes-happy-doji-product-drdra-art-general.jpg\",\"width\":1024,\"height\":1024,\"caption\":\"summer-echoes-happy-doji-product-drdra-art-general\"},{\"@type\":\"BreadcrumbList\",\"@id\":\"https:\/\/drdashop.com\/es\/producto\/summer-echoes\/#breadcrumb\",\"itemListElement\":[{\"@type\":\"ListItem\",\"position\":1,\"name\":\"Home\",\"item\":\"https:\/\/drdashop.com\/es\/\"},{\"@type\":\"ListItem\",\"position\":2,\"name\":\"OBRAS\",\"item\":\"https:\/\/drdashop.com\/es\/obras\/\"},{\"@type\":\"ListItem\",\"position\":3,\"name\":\"Summer Echoes\"}]},{\"@type\":\"WebSite\",\"@id\":\"https:\/\/drdashop.com\/#website\",\"url\":\"https:\/\/drdashop.com\/\",\"name\":\"DRDA Art\",\"description\":\"We Speak Art. EST. 1989\",\"potentialAction\":[{\"@type\":\"SearchAction\",\"target\":{\"@type\":\"EntryPoint\",\"urlTemplate\":\"https:\/\/drdashop.com\/?s={search_term_string}\"},\"query-input\":{\"@type\":\"PropertyValueSpecification\",\"valueRequired\":true,\"valueName\":\"search_term_string\"}}],\"inLanguage\":\"es\"}]}<\/script>\n<!-- \/ Yoast SEO plugin. -->","yoast_head_json":{"title":"Summer Echoes by Happy Doji | DRDA Art","description":"Compre la reproducci\u00f3n de la obra de arte ' Summer Echoes ' de Happy Doji: Fine Art Paper, Impresi\u00f3n de Edicion Abierta \u2013 25x30 cm, 40x50 cm, 50x60 cm","robots":{"index":"index","follow":"follow","max-snippet":"max-snippet:-1","max-image-preview":"max-image-preview:large","max-video-preview":"max-video-preview:-1"},"canonical":"https:\/\/drdashop.com\/es\/producto\/summer-echoes\/","og_locale":"es_ES","og_type":"article","og_title":"Summer Echoes \u2013 Happy Doji \u2013 Fine Art Paper","og_description":"Compre la reproducci\u00f3n de la obra de arte ' Summer Echoes ' de Happy Doji: Fine Art Paper, Impresi\u00f3n de Edicion Abierta \u2013 25x30 cm, 40x50 cm, 50x60 cm","og_url":"https:\/\/drdashop.com\/es\/producto\/summer-echoes\/","og_site_name":"DRDA Art","article_modified_time":"2025-03-27T12:54:44+00:00","og_image":[{"width":1200,"height":630,"url":"https:\/\/drdashop.com\/wp-content\/uploads\/2025\/03\/summer-echoes-happy-doji-product-drdra-art-SEO.jpg","type":"image\/jpeg"}],"twitter_misc":{"Tiempo de lectura":"1 minuto"},"schema":{"@context":"https:\/\/schema.org","@graph":[{"@type":"WebPage","@id":"https:\/\/drdashop.com\/es\/producto\/summer-echoes\/","url":"https:\/\/drdashop.com\/es\/producto\/summer-echoes\/","name":"Summer Echoes by Happy Doji | DRDA Art","isPartOf":{"@id":"https:\/\/drdashop.com\/#website"},"primaryImageOfPage":{"@id":"https:\/\/drdashop.com\/es\/producto\/summer-echoes\/#primaryimage"},"image":{"@id":"https:\/\/drdashop.com\/es\/producto\/summer-echoes\/#primaryimage"},"thumbnailUrl":"https:\/\/drdashop.com\/wp-content\/uploads\/2025\/03\/summer-echoes-happy-doji-product-drdra-art-general.jpg","datePublished":"2025-03-24T14:10:30+00:00","dateModified":"2025-03-27T12:54:44+00:00","description":"Compre la reproducci\u00f3n de la obra de arte ' Summer Echoes ' de Happy Doji: Fine Art Paper, Impresi\u00f3n de Edicion Abierta \u2013 25x30 cm, 40x50 cm, 50x60 cm","breadcrumb":{"@id":"https:\/\/drdashop.com\/es\/producto\/summer-echoes\/#breadcrumb"},"inLanguage":"es","potentialAction":[{"@type":"ReadAction","target":["https:\/\/drdashop.com\/es\/producto\/summer-echoes\/"]}]},{"@type":"ImageObject","inLanguage":"es","@id":"https:\/\/drdashop.com\/es\/producto\/summer-echoes\/#primaryimage","url":"https:\/\/drdashop.com\/wp-content\/uploads\/2025\/03\/summer-echoes-happy-doji-product-drdra-art-general.jpg","contentUrl":"https:\/\/drdashop.com\/wp-content\/uploads\/2025\/03\/summer-echoes-happy-doji-product-drdra-art-general.jpg","width":1024,"height":1024,"caption":"summer-echoes-happy-doji-product-drdra-art-general"},{"@type":"BreadcrumbList","@id":"https:\/\/drdashop.com\/es\/producto\/summer-echoes\/#breadcrumb","itemListElement":[{"@type":"ListItem","position":1,"name":"Home","item":"https:\/\/drdashop.com\/es\/"},{"@type":"ListItem","position":2,"name":"OBRAS","item":"https:\/\/drdashop.com\/es\/obras\/"},{"@type":"ListItem","position":3,"name":"Summer Echoes"}]},{"@type":"WebSite","@id":"https:\/\/drdashop.com\/#website","url":"https:\/\/drdashop.com\/","name":"DRDA Art","description":"We Speak Art. EST. 1989","potentialAction":[{"@type":"SearchAction","target":{"@type":"EntryPoint","urlTemplate":"https:\/\/drdashop.com\/?s={search_term_string}"},"query-input":{"@type":"PropertyValueSpecification","valueRequired":true,"valueName":"search_term_string"}}],"inLanguage":"es"}]}},"_links":{"self":[{"href":"https:\/\/drdashop.com\/es\/wp-json\/wp\/v2\/product\/9126","targetHints":{"allow":["GET"]}}],"collection":[{"href":"https:\/\/drdashop.com\/es\/wp-json\/wp\/v2\/product"}],"about":[{"href":"https:\/\/drdashop.com\/es\/wp-json\/wp\/v2\/types\/product"}],"replies":[{"embeddable":true,"href":"https:\/\/drdashop.com\/es\/wp-json\/wp\/v2\/comments?post=9126"}],"wp:featuredmedia":[{"embeddable":true,"href":"https:\/\/drdashop.com\/es\/wp-json\/wp\/v2\/media\/9006"}],"wp:attachment":[{"href":"https:\/\/drdashop.com\/es\/wp-json\/wp\/v2\/media?parent=9126"}],"wp:term":[{"taxonomy":"product_brand","embeddable":true,"href":"https:\/\/drdashop.com\/es\/wp-json\/wp\/v2\/product_brand?post=9126"},{"taxonomy":"product_cat","embeddable":true,"href":"https:\/\/drdashop.com\/es\/wp-json\/wp\/v2\/product_cat?post=9126"},{"taxonomy":"product_tag","embeddable":true,"href":"https:\/\/drdashop.com\/es\/wp-json\/wp\/v2\/product_tag?post=9126"}],"curies":[{"name":"wp","href":"https:\/\/api.w.org\/{rel}","templated":true}]}}