{"id":8691,"date":"2024-07-01T15:18:21","date_gmt":"2024-07-01T15:18:22","guid":{"rendered":"https:\/\/drdashop.com\/?post_type=product&#038;p=8691"},"modified":"2025-03-27T09:16:33","modified_gmt":"2025-03-27T09:16:33","slug":"behind-the-mask-print","status":"publish","type":"product","link":"https:\/\/drdashop.com\/es\/producto\/behind-the-mask-print\/","title":{"rendered":"Behind The Mask"},"content":{"rendered":"<p style=\"text-align: center;\"><a href=\"https:\/\/drdashop.com\/wp-content\/uploads\/2020\/10\/i-autor-toni-rubio-drda-art-01-300x300.jpg\"><img loading=\"lazy\" decoding=\"async\" class=\"alignnone size-medium wp-image-4036\" src=\"https:\/\/drdashop.com\/wp-content\/uploads\/2020\/10\/i-autor-toni-rubio-drda-art-01-300x300.jpg\" alt=\"i-autor-toni-rubio-drda-art-01\" width=\"300\" height=\"300\" srcset=\"https:\/\/drdashop.com\/wp-content\/uploads\/2020\/10\/i-autor-toni-rubio-drda-art-01-300x300.jpg 300w, https:\/\/drdashop.com\/wp-content\/uploads\/2020\/10\/i-autor-toni-rubio-drda-art-01-150x150.jpg 150w, https:\/\/drdashop.com\/wp-content\/uploads\/2020\/10\/i-autor-toni-rubio-drda-art-01-768x768.jpg 768w, https:\/\/drdashop.com\/wp-content\/uploads\/2020\/10\/i-autor-toni-rubio-drda-art-01-500x500.jpg 500w, https:\/\/drdashop.com\/wp-content\/uploads\/2020\/10\/i-autor-toni-rubio-drda-art-01-100x100.jpg 100w, https:\/\/drdashop.com\/wp-content\/uploads\/2020\/10\/i-autor-toni-rubio-drda-art-01.jpg 800w\" sizes=\"auto, (max-width: 300px) 100vw, 300px\" \/><\/a><\/p>\n<p style=\"text-align: center;\">Retrato de una mujer empoderada tras una m\u00e1scara que busca provocar la curiosidad del espectador y reflexionar sobre las historias que somos capaces de llegar a imaginar al dar rienda suelta a la imaginaci\u00f3n en ocasiones como una fiesta de m\u00e1scaras. Esta pieza se inspira en la famosa fiesta de disfraces de Truman Capote en el Hotel Plaza en 1966, que reuni\u00f3 en una misma sala a estrellas de Hollywood, intelectuales, socialit\u00e9s, modelos, fortunas de Wall Street y pol\u00edticos.<\/p>\n<p style=\"text-align: center;\">\u2022 Marco no incluido.<\/p>\n","protected":false},"excerpt":{"rendered":"<p><a href=\" https:\/\/drdashop.com\/es\/arte-contemporaneo-de-toni-rubio\/\" style=\"color: #e10098; text-decoration: underline;\">Toni Rubio<\/a><br \/>\nImpresiones de Edici\u00f3n Abierta<br \/>\nPapel Fine Art<\/p>\n","protected":false},"featured_media":8695,"comment_status":"open","ping_status":"closed","template":"","meta":[],"product_brand":[],"product_cat":[321,236],"product_tag":[170,160,150,176,169,165,164,178,147],"class_list":{"0":"post-8691","1":"product","2":"type-product","3":"status-publish","4":"has-post-thumbnail","6":"product_cat-impresiones-de-edicion-abierta","7":"product_cat-you-can-es","8":"product_tag-arte-lineal","9":"product_tag-formulario","10":"product_tag-ilustracion","11":"product_tag-labios","12":"product_tag-linea","13":"product_tag-moda","14":"product_tag-mujer-es","15":"product_tag-retrato","16":"product_tag-vistoso","17":"pa_color-blanco","18":"pa_color-gris","19":"pa_color-negro","20":"pa_color-rojo","22":"first","23":"instock","24":"taxable","25":"shipping-taxable","26":"purchasable","27":"product-type-variable"},"yoast_head":"<!-- This site is optimized with the Yoast SEO plugin v27.1.1 - https:\/\/yoast.com\/product\/yoast-seo-wordpress\/ -->\n<title>Behind The Mask by Toni Rubio | DRDA Art<\/title>\n<meta name=\"description\" content=\"Limited Edition Gicl\u00e9e Fine Art Print, fashion-inspired female portrait illustration. Original art, paintings &amp; prints that speak diversity &amp; inclusion.\" \/>\n<meta name=\"robots\" content=\"index, follow, max-snippet:-1, max-image-preview:large, max-video-preview:-1\" \/>\n<link rel=\"canonical\" href=\"https:\/\/drdashop.com\/es\/producto\/behind-the-mask-print\/\" \/>\n<meta property=\"og:locale\" content=\"es_ES\" \/>\n<meta property=\"og:type\" content=\"article\" \/>\n<meta property=\"og:title\" content=\"Behind The Mask by Toni Rubio | DRDA Art\" \/>\n<meta property=\"og:description\" content=\"Limited Edition Gicl\u00e9e Fine Art Print, fashion-inspired female portrait illustration. Original art, paintings &amp; prints that speak diversity &amp; inclusion.\" \/>\n<meta property=\"og:url\" content=\"https:\/\/drdashop.com\/es\/producto\/behind-the-mask-print\/\" \/>\n<meta property=\"og:site_name\" content=\"DRDA Art\" \/>\n<meta property=\"article:modified_time\" content=\"2025-03-27T09:16:33+00:00\" \/>\n<meta property=\"og:image\" content=\"https:\/\/drdashop.com\/wp-content\/uploads\/2024\/07\/behind-the-mask-product-drdra-art-print-general.jpg\" \/>\n\t<meta property=\"og:image:width\" content=\"1024\" \/>\n\t<meta property=\"og:image:height\" content=\"1024\" \/>\n\t<meta property=\"og:image:type\" content=\"image\/jpeg\" \/>\n<meta name=\"twitter:label1\" content=\"Tiempo de lectura\" \/>\n\t<meta name=\"twitter:data1\" content=\"1 minuto\" \/>\n<script type=\"application\/ld+json\" class=\"yoast-schema-graph\">{\"@context\":\"https:\/\/schema.org\",\"@graph\":[{\"@type\":\"WebPage\",\"@id\":\"https:\/\/drdashop.com\/es\/producto\/behind-the-mask-print\/\",\"url\":\"https:\/\/drdashop.com\/es\/producto\/behind-the-mask-print\/\",\"name\":\"Behind The Mask by Toni Rubio | DRDA Art\",\"isPartOf\":{\"@id\":\"https:\/\/drdashop.com\/#website\"},\"primaryImageOfPage\":{\"@id\":\"https:\/\/drdashop.com\/es\/producto\/behind-the-mask-print\/#primaryimage\"},\"image\":{\"@id\":\"https:\/\/drdashop.com\/es\/producto\/behind-the-mask-print\/#primaryimage\"},\"thumbnailUrl\":\"https:\/\/drdashop.com\/wp-content\/uploads\/2024\/07\/behind-the-mask-product-drdra-art-print-general.jpg\",\"datePublished\":\"2024-07-01T15:18:22+00:00\",\"dateModified\":\"2025-03-27T09:16:33+00:00\",\"description\":\"Limited Edition Gicl\u00e9e Fine Art Print, fashion-inspired female portrait illustration. Original art, paintings & prints that speak diversity & inclusion.\",\"breadcrumb\":{\"@id\":\"https:\/\/drdashop.com\/es\/producto\/behind-the-mask-print\/#breadcrumb\"},\"inLanguage\":\"es\",\"potentialAction\":[{\"@type\":\"ReadAction\",\"target\":[\"https:\/\/drdashop.com\/es\/producto\/behind-the-mask-print\/\"]}]},{\"@type\":\"ImageObject\",\"inLanguage\":\"es\",\"@id\":\"https:\/\/drdashop.com\/es\/producto\/behind-the-mask-print\/#primaryimage\",\"url\":\"https:\/\/drdashop.com\/wp-content\/uploads\/2024\/07\/behind-the-mask-product-drdra-art-print-general.jpg\",\"contentUrl\":\"https:\/\/drdashop.com\/wp-content\/uploads\/2024\/07\/behind-the-mask-product-drdra-art-print-general.jpg\",\"width\":1024,\"height\":1024,\"caption\":\"behind-the-mask-product-drdra-art-print-general\"},{\"@type\":\"BreadcrumbList\",\"@id\":\"https:\/\/drdashop.com\/es\/producto\/behind-the-mask-print\/#breadcrumb\",\"itemListElement\":[{\"@type\":\"ListItem\",\"position\":1,\"name\":\"Home\",\"item\":\"https:\/\/drdashop.com\/es\/\"},{\"@type\":\"ListItem\",\"position\":2,\"name\":\"OBRAS\",\"item\":\"https:\/\/drdashop.com\/es\/obras\/\"},{\"@type\":\"ListItem\",\"position\":3,\"name\":\"Behind The Mask\"}]},{\"@type\":\"WebSite\",\"@id\":\"https:\/\/drdashop.com\/#website\",\"url\":\"https:\/\/drdashop.com\/\",\"name\":\"DRDA Art\",\"description\":\"We Speak Art. EST. 1989\",\"potentialAction\":[{\"@type\":\"SearchAction\",\"target\":{\"@type\":\"EntryPoint\",\"urlTemplate\":\"https:\/\/drdashop.com\/?s={search_term_string}\"},\"query-input\":{\"@type\":\"PropertyValueSpecification\",\"valueRequired\":true,\"valueName\":\"search_term_string\"}}],\"inLanguage\":\"es\"}]}<\/script>\n<!-- \/ Yoast SEO plugin. -->","yoast_head_json":{"title":"Behind The Mask by Toni Rubio | DRDA Art","description":"Limited Edition Gicl\u00e9e Fine Art Print, fashion-inspired female portrait illustration. Original art, paintings & prints that speak diversity & inclusion.","robots":{"index":"index","follow":"follow","max-snippet":"max-snippet:-1","max-image-preview":"max-image-preview:large","max-video-preview":"max-video-preview:-1"},"canonical":"https:\/\/drdashop.com\/es\/producto\/behind-the-mask-print\/","og_locale":"es_ES","og_type":"article","og_title":"Behind The Mask by Toni Rubio | DRDA Art","og_description":"Limited Edition Gicl\u00e9e Fine Art Print, fashion-inspired female portrait illustration. Original art, paintings & prints that speak diversity & inclusion.","og_url":"https:\/\/drdashop.com\/es\/producto\/behind-the-mask-print\/","og_site_name":"DRDA Art","article_modified_time":"2025-03-27T09:16:33+00:00","og_image":[{"width":1024,"height":1024,"url":"https:\/\/drdashop.com\/wp-content\/uploads\/2024\/07\/behind-the-mask-product-drdra-art-print-general.jpg","type":"image\/jpeg"}],"twitter_misc":{"Tiempo de lectura":"1 minuto"},"schema":{"@context":"https:\/\/schema.org","@graph":[{"@type":"WebPage","@id":"https:\/\/drdashop.com\/es\/producto\/behind-the-mask-print\/","url":"https:\/\/drdashop.com\/es\/producto\/behind-the-mask-print\/","name":"Behind The Mask by Toni Rubio | DRDA Art","isPartOf":{"@id":"https:\/\/drdashop.com\/#website"},"primaryImageOfPage":{"@id":"https:\/\/drdashop.com\/es\/producto\/behind-the-mask-print\/#primaryimage"},"image":{"@id":"https:\/\/drdashop.com\/es\/producto\/behind-the-mask-print\/#primaryimage"},"thumbnailUrl":"https:\/\/drdashop.com\/wp-content\/uploads\/2024\/07\/behind-the-mask-product-drdra-art-print-general.jpg","datePublished":"2024-07-01T15:18:22+00:00","dateModified":"2025-03-27T09:16:33+00:00","description":"Limited Edition Gicl\u00e9e Fine Art Print, fashion-inspired female portrait illustration. Original art, paintings & prints that speak diversity & inclusion.","breadcrumb":{"@id":"https:\/\/drdashop.com\/es\/producto\/behind-the-mask-print\/#breadcrumb"},"inLanguage":"es","potentialAction":[{"@type":"ReadAction","target":["https:\/\/drdashop.com\/es\/producto\/behind-the-mask-print\/"]}]},{"@type":"ImageObject","inLanguage":"es","@id":"https:\/\/drdashop.com\/es\/producto\/behind-the-mask-print\/#primaryimage","url":"https:\/\/drdashop.com\/wp-content\/uploads\/2024\/07\/behind-the-mask-product-drdra-art-print-general.jpg","contentUrl":"https:\/\/drdashop.com\/wp-content\/uploads\/2024\/07\/behind-the-mask-product-drdra-art-print-general.jpg","width":1024,"height":1024,"caption":"behind-the-mask-product-drdra-art-print-general"},{"@type":"BreadcrumbList","@id":"https:\/\/drdashop.com\/es\/producto\/behind-the-mask-print\/#breadcrumb","itemListElement":[{"@type":"ListItem","position":1,"name":"Home","item":"https:\/\/drdashop.com\/es\/"},{"@type":"ListItem","position":2,"name":"OBRAS","item":"https:\/\/drdashop.com\/es\/obras\/"},{"@type":"ListItem","position":3,"name":"Behind The Mask"}]},{"@type":"WebSite","@id":"https:\/\/drdashop.com\/#website","url":"https:\/\/drdashop.com\/","name":"DRDA Art","description":"We Speak Art. EST. 1989","potentialAction":[{"@type":"SearchAction","target":{"@type":"EntryPoint","urlTemplate":"https:\/\/drdashop.com\/?s={search_term_string}"},"query-input":{"@type":"PropertyValueSpecification","valueRequired":true,"valueName":"search_term_string"}}],"inLanguage":"es"}]}},"_links":{"self":[{"href":"https:\/\/drdashop.com\/es\/wp-json\/wp\/v2\/product\/8691","targetHints":{"allow":["GET"]}}],"collection":[{"href":"https:\/\/drdashop.com\/es\/wp-json\/wp\/v2\/product"}],"about":[{"href":"https:\/\/drdashop.com\/es\/wp-json\/wp\/v2\/types\/product"}],"replies":[{"embeddable":true,"href":"https:\/\/drdashop.com\/es\/wp-json\/wp\/v2\/comments?post=8691"}],"wp:featuredmedia":[{"embeddable":true,"href":"https:\/\/drdashop.com\/es\/wp-json\/wp\/v2\/media\/8695"}],"wp:attachment":[{"href":"https:\/\/drdashop.com\/es\/wp-json\/wp\/v2\/media?parent=8691"}],"wp:term":[{"taxonomy":"product_brand","embeddable":true,"href":"https:\/\/drdashop.com\/es\/wp-json\/wp\/v2\/product_brand?post=8691"},{"taxonomy":"product_cat","embeddable":true,"href":"https:\/\/drdashop.com\/es\/wp-json\/wp\/v2\/product_cat?post=8691"},{"taxonomy":"product_tag","embeddable":true,"href":"https:\/\/drdashop.com\/es\/wp-json\/wp\/v2\/product_tag?post=8691"}],"curies":[{"name":"wp","href":"https:\/\/api.w.org\/{rel}","templated":true}]}}