{"id":8380,"date":"2024-05-30T15:13:04","date_gmt":"2024-05-30T15:13:05","guid":{"rendered":"https:\/\/drdashop.com\/?post_type=product&#038;p=8380"},"modified":"2025-03-27T09:33:39","modified_gmt":"2025-03-27T09:33:39","slug":"liberty-print","status":"publish","type":"product","link":"https:\/\/drdashop.com\/es\/producto\/liberty-print\/","title":{"rendered":"Liberty"},"content":{"rendered":"<p style=\"text-align: center;\"><a href=\"https:\/\/drdashop.com\/wp-content\/uploads\/2020\/10\/i-autor-toni-rubio-drda-art-01-300x300.jpg\"><img loading=\"lazy\" decoding=\"async\" class=\"alignnone size-medium wp-image-4036\" src=\"https:\/\/drdashop.com\/wp-content\/uploads\/2020\/10\/i-autor-toni-rubio-drda-art-01-300x300.jpg\" alt=\"i-autor-toni-rubio-drda-art-01\" width=\"300\" height=\"300\" srcset=\"https:\/\/drdashop.com\/wp-content\/uploads\/2020\/10\/i-autor-toni-rubio-drda-art-01-300x300.jpg 300w, https:\/\/drdashop.com\/wp-content\/uploads\/2020\/10\/i-autor-toni-rubio-drda-art-01-150x150.jpg 150w, https:\/\/drdashop.com\/wp-content\/uploads\/2020\/10\/i-autor-toni-rubio-drda-art-01-768x768.jpg 768w, https:\/\/drdashop.com\/wp-content\/uploads\/2020\/10\/i-autor-toni-rubio-drda-art-01-500x500.jpg 500w, https:\/\/drdashop.com\/wp-content\/uploads\/2020\/10\/i-autor-toni-rubio-drda-art-01-100x100.jpg 100w, https:\/\/drdashop.com\/wp-content\/uploads\/2020\/10\/i-autor-toni-rubio-drda-art-01.jpg 800w\" sizes=\"auto, (max-width: 300px) 100vw, 300px\" \/><\/a><\/p>\n<p style=\"text-align: center;\">Mediante esta obra fotogr\u00e1fica de la estatua de la libertad de espaldas, el artista expresa su visi\u00f3n sobre c\u00f3mo solo es posible que seamos libres cuando todos los colectivos puedan vivir libremente y reine la diversidad.<\/p>\n<p style=\"text-align: center;\">\u2022 Marco no incluido.<\/p>\n","protected":false},"excerpt":{"rendered":"<p><a href=\"https:\/\/drdashop.com\/es\/arte-contemporaneo-de-toni-rubio\/\" style=\"color: #e10098; text-decoration: underline;\">Toni Rubio<\/a><br \/>\nImpresiones de Edici\u00f3n Abierta<br \/>\nPapel Fine Art<\/p>\n","protected":false},"featured_media":8390,"comment_status":"open","ping_status":"closed","template":"","meta":[],"product_brand":[],"product_cat":[321,235,240],"product_tag":[188,164,187,189],"class_list":{"0":"post-8380","1":"product","2":"type-product","3":"status-publish","4":"has-post-thumbnail","6":"product_cat-impresiones-de-edicion-abierta","7":"product_cat-you-belong-es","8":"product_cat-you-enjoy-es","9":"product_tag-fotografia","10":"product_tag-mujer-es","11":"product_tag-nyc-es-2","12":"product_tag-viaje","13":"pa_color-blanco","14":"pa_color-gris","15":"pa_color-negro","17":"first","18":"instock","19":"taxable","20":"shipping-taxable","21":"purchasable","22":"product-type-variable"},"yoast_head":"<!-- This site is optimized with the Yoast SEO plugin v27.1.1 - https:\/\/yoast.com\/product\/yoast-seo-wordpress\/ -->\n<title>Liberty by Toni Rubio | DRDA Art<\/title>\n<meta name=\"description\" content=\"Limited Edition Gicl\u00e9e Fine Art Print, black &amp; white Statue of Liberty travel photograph. Original art, paintings &amp; prints that speak diversity &amp; inclusion.\" \/>\n<meta name=\"robots\" content=\"index, follow, max-snippet:-1, max-image-preview:large, max-video-preview:-1\" \/>\n<link rel=\"canonical\" href=\"https:\/\/drdashop.com\/es\/producto\/liberty-print\/\" \/>\n<meta property=\"og:locale\" content=\"es_ES\" \/>\n<meta property=\"og:type\" content=\"article\" \/>\n<meta property=\"og:title\" content=\"Liberty by Toni Rubio | DRDA Art\" \/>\n<meta property=\"og:description\" content=\"Limited Edition Gicl\u00e9e Fine Art Print, black &amp; white Statue of Liberty travel photograph. Original art, paintings &amp; prints that speak diversity &amp; inclusion.\" \/>\n<meta property=\"og:url\" content=\"https:\/\/drdashop.com\/es\/producto\/liberty-print\/\" \/>\n<meta property=\"og:site_name\" content=\"DRDA Art\" \/>\n<meta property=\"article:modified_time\" content=\"2025-03-27T09:33:39+00:00\" \/>\n<meta property=\"og:image\" content=\"https:\/\/drdashop.com\/wp-content\/uploads\/2024\/05\/liberty-product-drdra-art-print-general.jpg\" \/>\n\t<meta property=\"og:image:width\" content=\"1024\" \/>\n\t<meta property=\"og:image:height\" content=\"1024\" \/>\n\t<meta property=\"og:image:type\" content=\"image\/jpeg\" \/>\n<meta name=\"twitter:label1\" content=\"Tiempo de lectura\" \/>\n\t<meta name=\"twitter:data1\" content=\"1 minuto\" \/>\n<script type=\"application\/ld+json\" class=\"yoast-schema-graph\">{\"@context\":\"https:\/\/schema.org\",\"@graph\":[{\"@type\":\"WebPage\",\"@id\":\"https:\/\/drdashop.com\/es\/producto\/liberty-print\/\",\"url\":\"https:\/\/drdashop.com\/es\/producto\/liberty-print\/\",\"name\":\"Liberty by Toni Rubio | DRDA Art\",\"isPartOf\":{\"@id\":\"https:\/\/drdashop.com\/#website\"},\"primaryImageOfPage\":{\"@id\":\"https:\/\/drdashop.com\/es\/producto\/liberty-print\/#primaryimage\"},\"image\":{\"@id\":\"https:\/\/drdashop.com\/es\/producto\/liberty-print\/#primaryimage\"},\"thumbnailUrl\":\"https:\/\/drdashop.com\/wp-content\/uploads\/2024\/05\/liberty-product-drdra-art-print-general.jpg\",\"datePublished\":\"2024-05-30T15:13:05+00:00\",\"dateModified\":\"2025-03-27T09:33:39+00:00\",\"description\":\"Limited Edition Gicl\u00e9e Fine Art Print, black & white Statue of Liberty travel photograph. Original art, paintings & prints that speak diversity & inclusion.\",\"breadcrumb\":{\"@id\":\"https:\/\/drdashop.com\/es\/producto\/liberty-print\/#breadcrumb\"},\"inLanguage\":\"es\",\"potentialAction\":[{\"@type\":\"ReadAction\",\"target\":[\"https:\/\/drdashop.com\/es\/producto\/liberty-print\/\"]}]},{\"@type\":\"ImageObject\",\"inLanguage\":\"es\",\"@id\":\"https:\/\/drdashop.com\/es\/producto\/liberty-print\/#primaryimage\",\"url\":\"https:\/\/drdashop.com\/wp-content\/uploads\/2024\/05\/liberty-product-drdra-art-print-general.jpg\",\"contentUrl\":\"https:\/\/drdashop.com\/wp-content\/uploads\/2024\/05\/liberty-product-drdra-art-print-general.jpg\",\"width\":1024,\"height\":1024,\"caption\":\"liberty-product-drdra-art-print-general\"},{\"@type\":\"BreadcrumbList\",\"@id\":\"https:\/\/drdashop.com\/es\/producto\/liberty-print\/#breadcrumb\",\"itemListElement\":[{\"@type\":\"ListItem\",\"position\":1,\"name\":\"Home\",\"item\":\"https:\/\/drdashop.com\/es\/\"},{\"@type\":\"ListItem\",\"position\":2,\"name\":\"OBRAS\",\"item\":\"https:\/\/drdashop.com\/es\/obras\/\"},{\"@type\":\"ListItem\",\"position\":3,\"name\":\"Liberty\"}]},{\"@type\":\"WebSite\",\"@id\":\"https:\/\/drdashop.com\/#website\",\"url\":\"https:\/\/drdashop.com\/\",\"name\":\"DRDA Art\",\"description\":\"We Speak Art. EST. 1989\",\"potentialAction\":[{\"@type\":\"SearchAction\",\"target\":{\"@type\":\"EntryPoint\",\"urlTemplate\":\"https:\/\/drdashop.com\/?s={search_term_string}\"},\"query-input\":{\"@type\":\"PropertyValueSpecification\",\"valueRequired\":true,\"valueName\":\"search_term_string\"}}],\"inLanguage\":\"es\"}]}<\/script>\n<!-- \/ Yoast SEO plugin. -->","yoast_head_json":{"title":"Liberty by Toni Rubio | DRDA Art","description":"Limited Edition Gicl\u00e9e Fine Art Print, black & white Statue of Liberty travel photograph. Original art, paintings & prints that speak diversity & inclusion.","robots":{"index":"index","follow":"follow","max-snippet":"max-snippet:-1","max-image-preview":"max-image-preview:large","max-video-preview":"max-video-preview:-1"},"canonical":"https:\/\/drdashop.com\/es\/producto\/liberty-print\/","og_locale":"es_ES","og_type":"article","og_title":"Liberty by Toni Rubio | DRDA Art","og_description":"Limited Edition Gicl\u00e9e Fine Art Print, black & white Statue of Liberty travel photograph. Original art, paintings & prints that speak diversity & inclusion.","og_url":"https:\/\/drdashop.com\/es\/producto\/liberty-print\/","og_site_name":"DRDA Art","article_modified_time":"2025-03-27T09:33:39+00:00","og_image":[{"width":1024,"height":1024,"url":"https:\/\/drdashop.com\/wp-content\/uploads\/2024\/05\/liberty-product-drdra-art-print-general.jpg","type":"image\/jpeg"}],"twitter_misc":{"Tiempo de lectura":"1 minuto"},"schema":{"@context":"https:\/\/schema.org","@graph":[{"@type":"WebPage","@id":"https:\/\/drdashop.com\/es\/producto\/liberty-print\/","url":"https:\/\/drdashop.com\/es\/producto\/liberty-print\/","name":"Liberty by Toni Rubio | DRDA Art","isPartOf":{"@id":"https:\/\/drdashop.com\/#website"},"primaryImageOfPage":{"@id":"https:\/\/drdashop.com\/es\/producto\/liberty-print\/#primaryimage"},"image":{"@id":"https:\/\/drdashop.com\/es\/producto\/liberty-print\/#primaryimage"},"thumbnailUrl":"https:\/\/drdashop.com\/wp-content\/uploads\/2024\/05\/liberty-product-drdra-art-print-general.jpg","datePublished":"2024-05-30T15:13:05+00:00","dateModified":"2025-03-27T09:33:39+00:00","description":"Limited Edition Gicl\u00e9e Fine Art Print, black & white Statue of Liberty travel photograph. Original art, paintings & prints that speak diversity & inclusion.","breadcrumb":{"@id":"https:\/\/drdashop.com\/es\/producto\/liberty-print\/#breadcrumb"},"inLanguage":"es","potentialAction":[{"@type":"ReadAction","target":["https:\/\/drdashop.com\/es\/producto\/liberty-print\/"]}]},{"@type":"ImageObject","inLanguage":"es","@id":"https:\/\/drdashop.com\/es\/producto\/liberty-print\/#primaryimage","url":"https:\/\/drdashop.com\/wp-content\/uploads\/2024\/05\/liberty-product-drdra-art-print-general.jpg","contentUrl":"https:\/\/drdashop.com\/wp-content\/uploads\/2024\/05\/liberty-product-drdra-art-print-general.jpg","width":1024,"height":1024,"caption":"liberty-product-drdra-art-print-general"},{"@type":"BreadcrumbList","@id":"https:\/\/drdashop.com\/es\/producto\/liberty-print\/#breadcrumb","itemListElement":[{"@type":"ListItem","position":1,"name":"Home","item":"https:\/\/drdashop.com\/es\/"},{"@type":"ListItem","position":2,"name":"OBRAS","item":"https:\/\/drdashop.com\/es\/obras\/"},{"@type":"ListItem","position":3,"name":"Liberty"}]},{"@type":"WebSite","@id":"https:\/\/drdashop.com\/#website","url":"https:\/\/drdashop.com\/","name":"DRDA Art","description":"We Speak Art. EST. 1989","potentialAction":[{"@type":"SearchAction","target":{"@type":"EntryPoint","urlTemplate":"https:\/\/drdashop.com\/?s={search_term_string}"},"query-input":{"@type":"PropertyValueSpecification","valueRequired":true,"valueName":"search_term_string"}}],"inLanguage":"es"}]}},"_links":{"self":[{"href":"https:\/\/drdashop.com\/es\/wp-json\/wp\/v2\/product\/8380","targetHints":{"allow":["GET"]}}],"collection":[{"href":"https:\/\/drdashop.com\/es\/wp-json\/wp\/v2\/product"}],"about":[{"href":"https:\/\/drdashop.com\/es\/wp-json\/wp\/v2\/types\/product"}],"replies":[{"embeddable":true,"href":"https:\/\/drdashop.com\/es\/wp-json\/wp\/v2\/comments?post=8380"}],"wp:featuredmedia":[{"embeddable":true,"href":"https:\/\/drdashop.com\/es\/wp-json\/wp\/v2\/media\/8390"}],"wp:attachment":[{"href":"https:\/\/drdashop.com\/es\/wp-json\/wp\/v2\/media?parent=8380"}],"wp:term":[{"taxonomy":"product_brand","embeddable":true,"href":"https:\/\/drdashop.com\/es\/wp-json\/wp\/v2\/product_brand?post=8380"},{"taxonomy":"product_cat","embeddable":true,"href":"https:\/\/drdashop.com\/es\/wp-json\/wp\/v2\/product_cat?post=8380"},{"taxonomy":"product_tag","embeddable":true,"href":"https:\/\/drdashop.com\/es\/wp-json\/wp\/v2\/product_tag?post=8380"}],"curies":[{"name":"wp","href":"https:\/\/api.w.org\/{rel}","templated":true}]}}