{"id":8146,"date":"2024-05-27T10:49:00","date_gmt":"2024-05-27T10:49:00","guid":{"rendered":"https:\/\/drdashop.com\/?post_type=product&#038;p=8146"},"modified":"2025-03-27T10:35:15","modified_gmt":"2025-03-27T10:35:15","slug":"dr-mod-original","status":"publish","type":"product","link":"https:\/\/drdashop.com\/es\/producto\/dr-mod-original\/","title":{"rendered":"Dr. Mod"},"content":{"rendered":"<p style=\"text-align: center;\"><a href=\"https:\/\/drdashop.com\/wp-content\/uploads\/2020\/10\/i-autor-toni-rubio-drda-art-01-300x300.jpg\"><img loading=\"lazy\" decoding=\"async\" class=\"alignnone size-medium wp-image-4036\" src=\"https:\/\/drdashop.com\/wp-content\/uploads\/2020\/10\/i-autor-toni-rubio-drda-art-01-300x300.jpg\" alt=\"i-autor-toni-rubio-drda-art-01\" width=\"300\" height=\"300\" srcset=\"https:\/\/drdashop.com\/wp-content\/uploads\/2020\/10\/i-autor-toni-rubio-drda-art-01-300x300.jpg 300w, https:\/\/drdashop.com\/wp-content\/uploads\/2020\/10\/i-autor-toni-rubio-drda-art-01-150x150.jpg 150w, https:\/\/drdashop.com\/wp-content\/uploads\/2020\/10\/i-autor-toni-rubio-drda-art-01-768x768.jpg 768w, https:\/\/drdashop.com\/wp-content\/uploads\/2020\/10\/i-autor-toni-rubio-drda-art-01-500x500.jpg 500w, https:\/\/drdashop.com\/wp-content\/uploads\/2020\/10\/i-autor-toni-rubio-drda-art-01-100x100.jpg 100w, https:\/\/drdashop.com\/wp-content\/uploads\/2020\/10\/i-autor-toni-rubio-drda-art-01.jpg 800w\" sizes=\"auto, (max-width: 300px) 100vw, 300px\" \/><\/a><\/p>\n<p style=\"text-align: center;\">En esta obra el artista sumerge al &#8220;Dr.&#8221;, el polifac\u00e9tico personaje de DRDA Art que viaja por los reinos de la diversidad, y esta vez lo adentra en el movimiento Mod nacido en Londres a finales de los a\u00f1os 50.<br \/>\nEl artista capta toda la explosi\u00f3n de creatividad que supuso el movimiento Mod y viste a &#8220;Dr.&#8221; de la vibra y el ritmo de los Mods, una de las primeras subculturas juveniles brit\u00e1nicas que fue m\u00e1s all\u00e1 de lo establecido. Los Mods impactaron en m\u00faltiples disciplinas incluidas la artes, la moda, el dise\u00f1o, la m\u00fasica, etc. y su huella sigue viva hasta el d\u00eda de hoy.<\/p>\n<p style=\"text-align: center;\">\u2022 Obra firmada por el artista.<br \/>\n\u2022 Obra de arte acompa\u00f1ada de su Certificado de Autenticidad.<br \/>\n\u2022 Marco no incluido.<\/p>\n","protected":false},"excerpt":{"rendered":"<p><a href=\"https:\/\/drdashop.com\/es\/arte-contemporaneo-de-toni-rubio\/\" style=\"color: #e10098; text-decoration: underline;\">Toni Rubio<\/a><br \/>\nObra de Arte \u00danica<br \/>\nAcr\u00edlico en Lienzo 100% de Algod\u00f3n<br \/>\n97 x 130 cm<\/p>\n","protected":false},"featured_media":8150,"comment_status":"open","ping_status":"closed","template":"","meta":[],"product_brand":[],"product_cat":[322,235,240],"product_tag":[149,150,151,147],"class_list":{"0":"post-8146","1":"product","2":"type-product","3":"status-publish","4":"has-post-thumbnail","6":"product_cat-obras-de-arte-originales","7":"product_cat-you-belong-es","8":"product_cat-you-enjoy-es","9":"product_tag-figura","10":"product_tag-ilustracion","11":"product_tag-musica","12":"product_tag-vistoso","13":"pa_color-amarillo","14":"pa_color-azul","15":"pa_color-blanco","16":"pa_color-negro","17":"pa_color-rojo","19":"first","20":"instock","21":"taxable","22":"shipping-taxable","23":"purchasable","24":"product-type-simple"},"yoast_head":"<!-- This site is optimized with the Yoast SEO plugin v27.1.1 - https:\/\/yoast.com\/product\/yoast-seo-wordpress\/ -->\n<title>Dr. Mod Obra Creada y Firmada por Toni Rubio | DRDA Art<\/title>\n<meta name=\"description\" content=\"Edici\u00f3n Limitada en honor a la cultura Mod de Londres de los a\u00f1os 60. Obras de arte originales que hablan de la diversidad e inclusi\u00f3n.\" \/>\n<meta name=\"robots\" content=\"index, follow, max-snippet:-1, max-image-preview:large, max-video-preview:-1\" \/>\n<link rel=\"canonical\" href=\"https:\/\/drdashop.com\/es\/producto\/dr-mod-original\/\" \/>\n<meta property=\"og:locale\" content=\"es_ES\" \/>\n<meta property=\"og:type\" content=\"article\" \/>\n<meta property=\"og:title\" content=\"Dr. Mod Obra Creada y Firmada por Toni Rubio | DRDA Art\" \/>\n<meta property=\"og:description\" content=\"Edici\u00f3n Limitada en honor a la cultura Mod de Londres de los a\u00f1os 60. Obras de arte originales que hablan de la diversidad e inclusi\u00f3n.\" \/>\n<meta property=\"og:url\" content=\"https:\/\/drdashop.com\/es\/producto\/dr-mod-original\/\" \/>\n<meta property=\"og:site_name\" content=\"DRDA Art\" \/>\n<meta property=\"article:modified_time\" content=\"2025-03-27T10:35:15+00:00\" \/>\n<meta property=\"og:image\" content=\"https:\/\/drdashop.com\/wp-content\/uploads\/2024\/05\/dr-mod-product-drdra-shop-1024x1024-original.jpg\" \/>\n\t<meta property=\"og:image:width\" content=\"1024\" \/>\n\t<meta property=\"og:image:height\" content=\"1024\" \/>\n\t<meta property=\"og:image:type\" content=\"image\/jpeg\" \/>\n<meta name=\"twitter:label1\" content=\"Tiempo de lectura\" \/>\n\t<meta name=\"twitter:data1\" content=\"1 minuto\" \/>\n<script type=\"application\/ld+json\" class=\"yoast-schema-graph\">{\"@context\":\"https:\/\/schema.org\",\"@graph\":[{\"@type\":\"WebPage\",\"@id\":\"https:\/\/drdashop.com\/es\/producto\/dr-mod-original\/\",\"url\":\"https:\/\/drdashop.com\/es\/producto\/dr-mod-original\/\",\"name\":\"Dr. Mod Obra Creada y Firmada por Toni Rubio | DRDA Art\",\"isPartOf\":{\"@id\":\"https:\/\/drdashop.com\/#website\"},\"primaryImageOfPage\":{\"@id\":\"https:\/\/drdashop.com\/es\/producto\/dr-mod-original\/#primaryimage\"},\"image\":{\"@id\":\"https:\/\/drdashop.com\/es\/producto\/dr-mod-original\/#primaryimage\"},\"thumbnailUrl\":\"https:\/\/drdashop.com\/wp-content\/uploads\/2024\/05\/dr-mod-product-drdra-shop-1024x1024-original.jpg\",\"datePublished\":\"2024-05-27T10:49:00+00:00\",\"dateModified\":\"2025-03-27T10:35:15+00:00\",\"description\":\"Edici\u00f3n Limitada en honor a la cultura Mod de Londres de los a\u00f1os 60. Obras de arte originales que hablan de la diversidad e inclusi\u00f3n.\",\"breadcrumb\":{\"@id\":\"https:\/\/drdashop.com\/es\/producto\/dr-mod-original\/#breadcrumb\"},\"inLanguage\":\"es\",\"potentialAction\":[{\"@type\":\"ReadAction\",\"target\":[\"https:\/\/drdashop.com\/es\/producto\/dr-mod-original\/\"]}]},{\"@type\":\"ImageObject\",\"inLanguage\":\"es\",\"@id\":\"https:\/\/drdashop.com\/es\/producto\/dr-mod-original\/#primaryimage\",\"url\":\"https:\/\/drdashop.com\/wp-content\/uploads\/2024\/05\/dr-mod-product-drdra-shop-1024x1024-original.jpg\",\"contentUrl\":\"https:\/\/drdashop.com\/wp-content\/uploads\/2024\/05\/dr-mod-product-drdra-shop-1024x1024-original.jpg\",\"width\":1024,\"height\":1024,\"caption\":\"dr-mod-product-drdra-shop-1024x1024-original\"},{\"@type\":\"BreadcrumbList\",\"@id\":\"https:\/\/drdashop.com\/es\/producto\/dr-mod-original\/#breadcrumb\",\"itemListElement\":[{\"@type\":\"ListItem\",\"position\":1,\"name\":\"Home\",\"item\":\"https:\/\/drdashop.com\/es\/\"},{\"@type\":\"ListItem\",\"position\":2,\"name\":\"OBRAS\",\"item\":\"https:\/\/drdashop.com\/es\/obras\/\"},{\"@type\":\"ListItem\",\"position\":3,\"name\":\"Dr. Mod\"}]},{\"@type\":\"WebSite\",\"@id\":\"https:\/\/drdashop.com\/#website\",\"url\":\"https:\/\/drdashop.com\/\",\"name\":\"DRDA Art\",\"description\":\"We Speak Art. EST. 1989\",\"potentialAction\":[{\"@type\":\"SearchAction\",\"target\":{\"@type\":\"EntryPoint\",\"urlTemplate\":\"https:\/\/drdashop.com\/?s={search_term_string}\"},\"query-input\":{\"@type\":\"PropertyValueSpecification\",\"valueRequired\":true,\"valueName\":\"search_term_string\"}}],\"inLanguage\":\"es\"}]}<\/script>\n<!-- \/ Yoast SEO plugin. -->","yoast_head_json":{"title":"Dr. Mod Obra Creada y Firmada por Toni Rubio | DRDA Art","description":"Edici\u00f3n Limitada en honor a la cultura Mod de Londres de los a\u00f1os 60. Obras de arte originales que hablan de la diversidad e inclusi\u00f3n.","robots":{"index":"index","follow":"follow","max-snippet":"max-snippet:-1","max-image-preview":"max-image-preview:large","max-video-preview":"max-video-preview:-1"},"canonical":"https:\/\/drdashop.com\/es\/producto\/dr-mod-original\/","og_locale":"es_ES","og_type":"article","og_title":"Dr. Mod Obra Creada y Firmada por Toni Rubio | DRDA Art","og_description":"Edici\u00f3n Limitada en honor a la cultura Mod de Londres de los a\u00f1os 60. Obras de arte originales que hablan de la diversidad e inclusi\u00f3n.","og_url":"https:\/\/drdashop.com\/es\/producto\/dr-mod-original\/","og_site_name":"DRDA Art","article_modified_time":"2025-03-27T10:35:15+00:00","og_image":[{"width":1024,"height":1024,"url":"https:\/\/drdashop.com\/wp-content\/uploads\/2024\/05\/dr-mod-product-drdra-shop-1024x1024-original.jpg","type":"image\/jpeg"}],"twitter_misc":{"Tiempo de lectura":"1 minuto"},"schema":{"@context":"https:\/\/schema.org","@graph":[{"@type":"WebPage","@id":"https:\/\/drdashop.com\/es\/producto\/dr-mod-original\/","url":"https:\/\/drdashop.com\/es\/producto\/dr-mod-original\/","name":"Dr. Mod Obra Creada y Firmada por Toni Rubio | DRDA Art","isPartOf":{"@id":"https:\/\/drdashop.com\/#website"},"primaryImageOfPage":{"@id":"https:\/\/drdashop.com\/es\/producto\/dr-mod-original\/#primaryimage"},"image":{"@id":"https:\/\/drdashop.com\/es\/producto\/dr-mod-original\/#primaryimage"},"thumbnailUrl":"https:\/\/drdashop.com\/wp-content\/uploads\/2024\/05\/dr-mod-product-drdra-shop-1024x1024-original.jpg","datePublished":"2024-05-27T10:49:00+00:00","dateModified":"2025-03-27T10:35:15+00:00","description":"Edici\u00f3n Limitada en honor a la cultura Mod de Londres de los a\u00f1os 60. Obras de arte originales que hablan de la diversidad e inclusi\u00f3n.","breadcrumb":{"@id":"https:\/\/drdashop.com\/es\/producto\/dr-mod-original\/#breadcrumb"},"inLanguage":"es","potentialAction":[{"@type":"ReadAction","target":["https:\/\/drdashop.com\/es\/producto\/dr-mod-original\/"]}]},{"@type":"ImageObject","inLanguage":"es","@id":"https:\/\/drdashop.com\/es\/producto\/dr-mod-original\/#primaryimage","url":"https:\/\/drdashop.com\/wp-content\/uploads\/2024\/05\/dr-mod-product-drdra-shop-1024x1024-original.jpg","contentUrl":"https:\/\/drdashop.com\/wp-content\/uploads\/2024\/05\/dr-mod-product-drdra-shop-1024x1024-original.jpg","width":1024,"height":1024,"caption":"dr-mod-product-drdra-shop-1024x1024-original"},{"@type":"BreadcrumbList","@id":"https:\/\/drdashop.com\/es\/producto\/dr-mod-original\/#breadcrumb","itemListElement":[{"@type":"ListItem","position":1,"name":"Home","item":"https:\/\/drdashop.com\/es\/"},{"@type":"ListItem","position":2,"name":"OBRAS","item":"https:\/\/drdashop.com\/es\/obras\/"},{"@type":"ListItem","position":3,"name":"Dr. Mod"}]},{"@type":"WebSite","@id":"https:\/\/drdashop.com\/#website","url":"https:\/\/drdashop.com\/","name":"DRDA Art","description":"We Speak Art. EST. 1989","potentialAction":[{"@type":"SearchAction","target":{"@type":"EntryPoint","urlTemplate":"https:\/\/drdashop.com\/?s={search_term_string}"},"query-input":{"@type":"PropertyValueSpecification","valueRequired":true,"valueName":"search_term_string"}}],"inLanguage":"es"}]}},"_links":{"self":[{"href":"https:\/\/drdashop.com\/es\/wp-json\/wp\/v2\/product\/8146","targetHints":{"allow":["GET"]}}],"collection":[{"href":"https:\/\/drdashop.com\/es\/wp-json\/wp\/v2\/product"}],"about":[{"href":"https:\/\/drdashop.com\/es\/wp-json\/wp\/v2\/types\/product"}],"replies":[{"embeddable":true,"href":"https:\/\/drdashop.com\/es\/wp-json\/wp\/v2\/comments?post=8146"}],"wp:featuredmedia":[{"embeddable":true,"href":"https:\/\/drdashop.com\/es\/wp-json\/wp\/v2\/media\/8150"}],"wp:attachment":[{"href":"https:\/\/drdashop.com\/es\/wp-json\/wp\/v2\/media?parent=8146"}],"wp:term":[{"taxonomy":"product_brand","embeddable":true,"href":"https:\/\/drdashop.com\/es\/wp-json\/wp\/v2\/product_brand?post=8146"},{"taxonomy":"product_cat","embeddable":true,"href":"https:\/\/drdashop.com\/es\/wp-json\/wp\/v2\/product_cat?post=8146"},{"taxonomy":"product_tag","embeddable":true,"href":"https:\/\/drdashop.com\/es\/wp-json\/wp\/v2\/product_tag?post=8146"}],"curies":[{"name":"wp","href":"https:\/\/api.w.org\/{rel}","templated":true}]}}