{"id":6597,"date":"2024-01-24T13:07:00","date_gmt":"2024-01-24T13:07:00","guid":{"rendered":"https:\/\/drdashop.com\/?post_type=product&#038;p=6597"},"modified":"2025-03-27T10:59:27","modified_gmt":"2025-03-27T10:59:27","slug":"dr-white-lines","status":"publish","type":"product","link":"https:\/\/drdashop.com\/es\/producto\/dr-white-lines\/","title":{"rendered":"Dr. White Lines"},"content":{"rendered":"<p style=\"text-align: center;\"><a href=\"https:\/\/drdashop.com\/wp-content\/uploads\/2020\/10\/i-autor-toni-rubio-drda-art-01-300x300.jpg\"><img loading=\"lazy\" decoding=\"async\" class=\"alignnone size-medium wp-image-4036\" src=\"https:\/\/drdashop.com\/wp-content\/uploads\/2020\/10\/i-autor-toni-rubio-drda-art-01-300x300.jpg\" alt=\"i-autor-toni-rubio-drda-art-01\" width=\"300\" height=\"300\" srcset=\"https:\/\/drdashop.com\/wp-content\/uploads\/2020\/10\/i-autor-toni-rubio-drda-art-01-300x300.jpg 300w, https:\/\/drdashop.com\/wp-content\/uploads\/2020\/10\/i-autor-toni-rubio-drda-art-01-150x150.jpg 150w, https:\/\/drdashop.com\/wp-content\/uploads\/2020\/10\/i-autor-toni-rubio-drda-art-01-768x768.jpg 768w, https:\/\/drdashop.com\/wp-content\/uploads\/2020\/10\/i-autor-toni-rubio-drda-art-01-500x500.jpg 500w, https:\/\/drdashop.com\/wp-content\/uploads\/2020\/10\/i-autor-toni-rubio-drda-art-01-100x100.jpg 100w, https:\/\/drdashop.com\/wp-content\/uploads\/2020\/10\/i-autor-toni-rubio-drda-art-01.jpg 800w\" sizes=\"auto, (max-width: 300px) 100vw, 300px\" \/><\/a><\/p>\n<p style=\"text-align: center;\">&#8220;Dr. White Lines&#8221; es una obra impactante y reflexiva que forma parte de la serie &#8220;Doctors&#8221; de Toni Rubio. En esta pieza, el artista sumerge a su ic\u00f3nico y multifac\u00e9tico personaje &#8220;Dr&#8221; en un mundo complejo e inquietante, inspirado por la canci\u00f3n &#8220;White Lines&#8221; de Grandmaster Flash &amp; Melle Mel. La obra aborda directamente el mensaje de la canci\u00f3n sobre los peligros y el poder destructivo de las drogas y el contrabando. Rubio presenta en su lienzo una representaci\u00f3n franca y potente de c\u00f3mo las adicciones pueden devastar la mente y el esp\u00edritu. Adem\u00e1s, la obra resalta la persistente relevancia de esta problem\u00e1tica, que sigue siendo un desaf\u00edo global incluso 40 a\u00f1os despu\u00e9s de la aparici\u00f3n de esta ic\u00f3nica canci\u00f3n.<\/p>\n<p style=\"text-align: center;\">\u2022 Obra firmada por el artista.<br \/>\n\u2022 Obra de arte acompa\u00f1ada de su Certificado de Autenticidad.<br \/>\n\u2022 Marco no incluido.<\/p>\n","protected":false},"excerpt":{"rendered":"<p><a href=\"https:\/\/drdashop.com\/es\/arte-contemporaneo-de-toni-rubio\/\" style=\"color: #e10098; text-decoration: underline;\">Toni Rubio<\/a><br \/>\nObra de Arte \u00danica<br \/>\nAcr\u00edlico en Lienzo 100% de Algod\u00f3n<br \/>\n97 x 130 cm<\/p>\n","protected":false},"featured_media":6599,"comment_status":"open","ping_status":"closed","template":"","meta":[],"product_brand":[],"product_cat":[322,238],"product_tag":[149,150,151,147],"class_list":{"0":"post-6597","1":"product","2":"type-product","3":"status-publish","4":"has-post-thumbnail","6":"product_cat-obras-de-arte-originales","7":"product_cat-you-believe-es","8":"product_tag-figura","9":"product_tag-ilustracion","10":"product_tag-musica","11":"product_tag-vistoso","12":"pa_color-blanco","13":"pa_color-negro","15":"first","16":"instock","17":"taxable","18":"shipping-taxable","19":"purchasable","20":"product-type-simple"},"yoast_head":"<!-- This site is optimized with the Yoast SEO plugin v27.1.1 - https:\/\/yoast.com\/product\/yoast-seo-wordpress\/ -->\n<title>Dr. White Lines Obra Creada y Firmada por Toni Rubio | DRDA Art<\/title>\n<meta name=\"description\" content=\"Edici\u00f3n Limitada &quot;Dr. White Lines&quot; es una obra impactante y reflexiva que forma parte de la serie &quot;Doctors&quot; de Toni Rubio.en honor a la cultura Mod de Londres de los a\u00f1os 60. Obras de arte originales que hablan de la diversidad e inclusi\u00f3n.\" \/>\n<meta name=\"robots\" content=\"index, follow, max-snippet:-1, max-image-preview:large, max-video-preview:-1\" \/>\n<link rel=\"canonical\" href=\"https:\/\/drdashop.com\/es\/producto\/dr-white-lines\/\" \/>\n<meta property=\"og:locale\" content=\"es_ES\" \/>\n<meta property=\"og:type\" content=\"article\" \/>\n<meta property=\"og:title\" content=\"Dr. White Lines Obra Creada y Firmada por Toni Rubio | DRDA Art\" \/>\n<meta property=\"og:description\" content=\"Edici\u00f3n Limitada &quot;Dr. White Lines&quot; es una obra impactante y reflexiva que forma parte de la serie &quot;Doctors&quot; de Toni Rubio.en honor a la cultura Mod de Londres de los a\u00f1os 60. Obras de arte originales que hablan de la diversidad e inclusi\u00f3n.\" \/>\n<meta property=\"og:url\" content=\"https:\/\/drdashop.com\/es\/producto\/dr-white-lines\/\" \/>\n<meta property=\"og:site_name\" content=\"DRDA Art\" \/>\n<meta property=\"article:modified_time\" content=\"2025-03-27T10:59:27+00:00\" \/>\n<meta property=\"og:image\" content=\"https:\/\/drdashop.com\/wp-content\/uploads\/2024\/01\/dr-white-lines-product-drdra-art-1024x1024-01.jpg\" \/>\n\t<meta property=\"og:image:width\" content=\"1024\" \/>\n\t<meta property=\"og:image:height\" content=\"1024\" \/>\n\t<meta property=\"og:image:type\" content=\"image\/jpeg\" \/>\n<meta name=\"twitter:label1\" content=\"Tiempo de lectura\" \/>\n\t<meta name=\"twitter:data1\" content=\"2 minutos\" \/>\n<script type=\"application\/ld+json\" class=\"yoast-schema-graph\">{\"@context\":\"https:\/\/schema.org\",\"@graph\":[{\"@type\":\"WebPage\",\"@id\":\"https:\/\/drdashop.com\/es\/producto\/dr-white-lines\/\",\"url\":\"https:\/\/drdashop.com\/es\/producto\/dr-white-lines\/\",\"name\":\"Dr. White Lines Obra Creada y Firmada por Toni Rubio | DRDA Art\",\"isPartOf\":{\"@id\":\"https:\/\/drdashop.com\/#website\"},\"primaryImageOfPage\":{\"@id\":\"https:\/\/drdashop.com\/es\/producto\/dr-white-lines\/#primaryimage\"},\"image\":{\"@id\":\"https:\/\/drdashop.com\/es\/producto\/dr-white-lines\/#primaryimage\"},\"thumbnailUrl\":\"https:\/\/drdashop.com\/wp-content\/uploads\/2024\/01\/dr-white-lines-product-drdra-art-1024x1024-01.jpg\",\"datePublished\":\"2024-01-24T13:07:00+00:00\",\"dateModified\":\"2025-03-27T10:59:27+00:00\",\"description\":\"Edici\u00f3n Limitada \\\"Dr. White Lines\\\" es una obra impactante y reflexiva que forma parte de la serie \\\"Doctors\\\" de Toni Rubio.en honor a la cultura Mod de Londres de los a\u00f1os 60. Obras de arte originales que hablan de la diversidad e inclusi\u00f3n.\",\"breadcrumb\":{\"@id\":\"https:\/\/drdashop.com\/es\/producto\/dr-white-lines\/#breadcrumb\"},\"inLanguage\":\"es\",\"potentialAction\":[{\"@type\":\"ReadAction\",\"target\":[\"https:\/\/drdashop.com\/es\/producto\/dr-white-lines\/\"]}]},{\"@type\":\"ImageObject\",\"inLanguage\":\"es\",\"@id\":\"https:\/\/drdashop.com\/es\/producto\/dr-white-lines\/#primaryimage\",\"url\":\"https:\/\/drdashop.com\/wp-content\/uploads\/2024\/01\/dr-white-lines-product-drdra-art-1024x1024-01.jpg\",\"contentUrl\":\"https:\/\/drdashop.com\/wp-content\/uploads\/2024\/01\/dr-white-lines-product-drdra-art-1024x1024-01.jpg\",\"width\":1024,\"height\":1024,\"caption\":\"dr-white-lines-product-drdra-art-1024x1024-01\"},{\"@type\":\"BreadcrumbList\",\"@id\":\"https:\/\/drdashop.com\/es\/producto\/dr-white-lines\/#breadcrumb\",\"itemListElement\":[{\"@type\":\"ListItem\",\"position\":1,\"name\":\"Home\",\"item\":\"https:\/\/drdashop.com\/es\/\"},{\"@type\":\"ListItem\",\"position\":2,\"name\":\"OBRAS\",\"item\":\"https:\/\/drdashop.com\/es\/obras\/\"},{\"@type\":\"ListItem\",\"position\":3,\"name\":\"Dr. White Lines\"}]},{\"@type\":\"WebSite\",\"@id\":\"https:\/\/drdashop.com\/#website\",\"url\":\"https:\/\/drdashop.com\/\",\"name\":\"DRDA Art\",\"description\":\"We Speak Art. EST. 1989\",\"potentialAction\":[{\"@type\":\"SearchAction\",\"target\":{\"@type\":\"EntryPoint\",\"urlTemplate\":\"https:\/\/drdashop.com\/?s={search_term_string}\"},\"query-input\":{\"@type\":\"PropertyValueSpecification\",\"valueRequired\":true,\"valueName\":\"search_term_string\"}}],\"inLanguage\":\"es\"}]}<\/script>\n<!-- \/ Yoast SEO plugin. -->","yoast_head_json":{"title":"Dr. White Lines Obra Creada y Firmada por Toni Rubio | DRDA Art","description":"Edici\u00f3n Limitada \"Dr. White Lines\" es una obra impactante y reflexiva que forma parte de la serie \"Doctors\" de Toni Rubio.en honor a la cultura Mod de Londres de los a\u00f1os 60. Obras de arte originales que hablan de la diversidad e inclusi\u00f3n.","robots":{"index":"index","follow":"follow","max-snippet":"max-snippet:-1","max-image-preview":"max-image-preview:large","max-video-preview":"max-video-preview:-1"},"canonical":"https:\/\/drdashop.com\/es\/producto\/dr-white-lines\/","og_locale":"es_ES","og_type":"article","og_title":"Dr. White Lines Obra Creada y Firmada por Toni Rubio | DRDA Art","og_description":"Edici\u00f3n Limitada \"Dr. White Lines\" es una obra impactante y reflexiva que forma parte de la serie \"Doctors\" de Toni Rubio.en honor a la cultura Mod de Londres de los a\u00f1os 60. Obras de arte originales que hablan de la diversidad e inclusi\u00f3n.","og_url":"https:\/\/drdashop.com\/es\/producto\/dr-white-lines\/","og_site_name":"DRDA Art","article_modified_time":"2025-03-27T10:59:27+00:00","og_image":[{"width":1024,"height":1024,"url":"https:\/\/drdashop.com\/wp-content\/uploads\/2024\/01\/dr-white-lines-product-drdra-art-1024x1024-01.jpg","type":"image\/jpeg"}],"twitter_misc":{"Tiempo de lectura":"2 minutos"},"schema":{"@context":"https:\/\/schema.org","@graph":[{"@type":"WebPage","@id":"https:\/\/drdashop.com\/es\/producto\/dr-white-lines\/","url":"https:\/\/drdashop.com\/es\/producto\/dr-white-lines\/","name":"Dr. White Lines Obra Creada y Firmada por Toni Rubio | DRDA Art","isPartOf":{"@id":"https:\/\/drdashop.com\/#website"},"primaryImageOfPage":{"@id":"https:\/\/drdashop.com\/es\/producto\/dr-white-lines\/#primaryimage"},"image":{"@id":"https:\/\/drdashop.com\/es\/producto\/dr-white-lines\/#primaryimage"},"thumbnailUrl":"https:\/\/drdashop.com\/wp-content\/uploads\/2024\/01\/dr-white-lines-product-drdra-art-1024x1024-01.jpg","datePublished":"2024-01-24T13:07:00+00:00","dateModified":"2025-03-27T10:59:27+00:00","description":"Edici\u00f3n Limitada \"Dr. White Lines\" es una obra impactante y reflexiva que forma parte de la serie \"Doctors\" de Toni Rubio.en honor a la cultura Mod de Londres de los a\u00f1os 60. Obras de arte originales que hablan de la diversidad e inclusi\u00f3n.","breadcrumb":{"@id":"https:\/\/drdashop.com\/es\/producto\/dr-white-lines\/#breadcrumb"},"inLanguage":"es","potentialAction":[{"@type":"ReadAction","target":["https:\/\/drdashop.com\/es\/producto\/dr-white-lines\/"]}]},{"@type":"ImageObject","inLanguage":"es","@id":"https:\/\/drdashop.com\/es\/producto\/dr-white-lines\/#primaryimage","url":"https:\/\/drdashop.com\/wp-content\/uploads\/2024\/01\/dr-white-lines-product-drdra-art-1024x1024-01.jpg","contentUrl":"https:\/\/drdashop.com\/wp-content\/uploads\/2024\/01\/dr-white-lines-product-drdra-art-1024x1024-01.jpg","width":1024,"height":1024,"caption":"dr-white-lines-product-drdra-art-1024x1024-01"},{"@type":"BreadcrumbList","@id":"https:\/\/drdashop.com\/es\/producto\/dr-white-lines\/#breadcrumb","itemListElement":[{"@type":"ListItem","position":1,"name":"Home","item":"https:\/\/drdashop.com\/es\/"},{"@type":"ListItem","position":2,"name":"OBRAS","item":"https:\/\/drdashop.com\/es\/obras\/"},{"@type":"ListItem","position":3,"name":"Dr. White Lines"}]},{"@type":"WebSite","@id":"https:\/\/drdashop.com\/#website","url":"https:\/\/drdashop.com\/","name":"DRDA Art","description":"We Speak Art. EST. 1989","potentialAction":[{"@type":"SearchAction","target":{"@type":"EntryPoint","urlTemplate":"https:\/\/drdashop.com\/?s={search_term_string}"},"query-input":{"@type":"PropertyValueSpecification","valueRequired":true,"valueName":"search_term_string"}}],"inLanguage":"es"}]}},"_links":{"self":[{"href":"https:\/\/drdashop.com\/es\/wp-json\/wp\/v2\/product\/6597","targetHints":{"allow":["GET"]}}],"collection":[{"href":"https:\/\/drdashop.com\/es\/wp-json\/wp\/v2\/product"}],"about":[{"href":"https:\/\/drdashop.com\/es\/wp-json\/wp\/v2\/types\/product"}],"replies":[{"embeddable":true,"href":"https:\/\/drdashop.com\/es\/wp-json\/wp\/v2\/comments?post=6597"}],"wp:featuredmedia":[{"embeddable":true,"href":"https:\/\/drdashop.com\/es\/wp-json\/wp\/v2\/media\/6599"}],"wp:attachment":[{"href":"https:\/\/drdashop.com\/es\/wp-json\/wp\/v2\/media?parent=6597"}],"wp:term":[{"taxonomy":"product_brand","embeddable":true,"href":"https:\/\/drdashop.com\/es\/wp-json\/wp\/v2\/product_brand?post=6597"},{"taxonomy":"product_cat","embeddable":true,"href":"https:\/\/drdashop.com\/es\/wp-json\/wp\/v2\/product_cat?post=6597"},{"taxonomy":"product_tag","embeddable":true,"href":"https:\/\/drdashop.com\/es\/wp-json\/wp\/v2\/product_tag?post=6597"}],"curies":[{"name":"wp","href":"https:\/\/api.w.org\/{rel}","templated":true}]}}