{"id":2010,"date":"2020-06-25T14:14:57","date_gmt":"2020-06-25T14:14:57","guid":{"rendered":"https:\/\/drdashop.com\/product\/i-heart-you\/"},"modified":"2025-03-27T11:47:35","modified_gmt":"2025-03-27T11:47:35","slug":"i-heart-you","status":"publish","type":"product","link":"https:\/\/drdashop.com\/es\/producto\/i-heart-you\/","title":{"rendered":"I Heart You"},"content":{"rendered":"<p style=\"text-align: center;\"><a href=\"https:\/\/drdashop.com\/wp-content\/uploads\/2020\/10\/i-autor-toni-rubio-drda-art-01-300x300.jpg\"><img loading=\"lazy\" decoding=\"async\" class=\"alignnone size-medium wp-image-4036\" src=\"https:\/\/drdashop.com\/wp-content\/uploads\/2020\/10\/i-autor-toni-rubio-drda-art-01-300x300.jpg\" alt=\"i-autor-toni-rubio-drda-art-01\" width=\"300\" height=\"300\" srcset=\"https:\/\/drdashop.com\/wp-content\/uploads\/2020\/10\/i-autor-toni-rubio-drda-art-01-300x300.jpg 300w, https:\/\/drdashop.com\/wp-content\/uploads\/2020\/10\/i-autor-toni-rubio-drda-art-01-150x150.jpg 150w, https:\/\/drdashop.com\/wp-content\/uploads\/2020\/10\/i-autor-toni-rubio-drda-art-01-768x768.jpg 768w, https:\/\/drdashop.com\/wp-content\/uploads\/2020\/10\/i-autor-toni-rubio-drda-art-01-500x500.jpg 500w, https:\/\/drdashop.com\/wp-content\/uploads\/2020\/10\/i-autor-toni-rubio-drda-art-01-100x100.jpg 100w, https:\/\/drdashop.com\/wp-content\/uploads\/2020\/10\/i-autor-toni-rubio-drda-art-01.jpg 800w\" sizes=\"auto, (max-width: 300px) 100vw, 300px\" \/><\/a><\/p>\n<p style=\"text-align: center;\">Un homenaje del artista a Keith Haring en el 30 aniversario de su fallecimiento, recordando a un artista que derrib\u00f3 muros en el mundo del arte y recuper\u00f3 el arte de las \u00e9lites para compartirlo con la gente. En esta obra, el artista Toni Rubio representa la sinceridad y la dedicaci\u00f3n llena de amor al entregar el coraz\u00f3n a un ser querido. Representa ese sentimiento de confianza y entrega total que s\u00f3lo puede ser fruto del amor, inspirado en una obra sin t\u00edtulo creada por Haring en 1982.<\/p>\n<p style=\"text-align: center;\">\u2022 Obra firmada por el artista, numerada y con sello en relieve.<br \/>\n\u2022 Obra de arte acompa\u00f1ada de su Certificado de Autenticidad.<br \/>\n\u2022 El artwork incluye un par de guantes blancos de algod\u00f3n especiales para la manipulaci\u00f3n de obras de arte.<br \/>\n\u2022 Marco no incluido.<\/p>\n","protected":false},"excerpt":{"rendered":"<p><a href=\"https:\/\/drdashop.com\/es\/arte-contemporaneo-de-toni-rubio\/\" style=\"color: #e10098; text-decoration: underline;\">Toni Rubio<\/a><br \/>\nEdici\u00f3n Limitada de 80<br \/>\nHahnem\u00fchle Photo Rag 308 gsm 100% Papel de algod\u00f3n<br \/>\n50 x 70 cm<\/p>\n","protected":false},"featured_media":8101,"comment_status":"open","ping_status":"closed","template":"","meta":[],"product_brand":[],"product_cat":[320,237],"product_tag":[171,170,149,150,168,169,172],"class_list":{"0":"post-2010","1":"product","2":"type-product","3":"status-publish","4":"has-post-thumbnail","6":"product_cat-ediciones-limitadas","7":"product_cat-you-love-es","8":"product_tag-amor","9":"product_tag-arte-lineal","10":"product_tag-figura","11":"product_tag-ilustracion","12":"product_tag-keith-haring-es-2","13":"product_tag-linea","14":"product_tag-orgullo","15":"pa_color-blanco","16":"pa_color-negro","17":"pa_color-rojo","19":"first","20":"instock","21":"taxable","22":"shipping-taxable","23":"purchasable","24":"product-type-simple"},"yoast_head":"<!-- This site is optimized with the Yoast SEO plugin v27.1.1 - https:\/\/yoast.com\/product\/yoast-seo-wordpress\/ -->\n<title>I Heart You by Toni Rubio | DRDA Art<\/title>\n<meta name=\"description\" content=\"Limited Edition Gicl\u00e9e Fine Art Print, bold Keith Haring-inspired line figure with heart. Original art, paintings &amp; prints that speak diversity &amp; inclusion.\" \/>\n<meta name=\"robots\" content=\"index, follow, max-snippet:-1, max-image-preview:large, max-video-preview:-1\" \/>\n<link rel=\"canonical\" href=\"https:\/\/drdashop.com\/es\/producto\/i-heart-you\/\" \/>\n<meta property=\"og:locale\" content=\"es_ES\" \/>\n<meta property=\"og:type\" content=\"article\" \/>\n<meta property=\"og:title\" content=\"I Heart You by Toni Rubio | DRDA Art\" \/>\n<meta property=\"og:description\" content=\"Limited Edition Gicl\u00e9e Fine Art Print, bold Keith Haring-inspired line figure with heart. Original art, paintings &amp; prints that speak diversity &amp; inclusion.\" \/>\n<meta property=\"og:url\" content=\"https:\/\/drdashop.com\/es\/producto\/i-heart-you\/\" \/>\n<meta property=\"og:site_name\" content=\"DRDA Art\" \/>\n<meta property=\"article:modified_time\" content=\"2025-03-27T11:47:35+00:00\" \/>\n<meta property=\"og:image\" content=\"https:\/\/drdashop.com\/wp-content\/uploads\/2020\/06\/i-heart-you-product-drdra-art-1024x1024-limited-edition.jpg\" \/>\n\t<meta property=\"og:image:width\" content=\"1024\" \/>\n\t<meta property=\"og:image:height\" content=\"1024\" \/>\n\t<meta property=\"og:image:type\" content=\"image\/jpeg\" \/>\n<meta name=\"twitter:label1\" content=\"Tiempo de lectura\" \/>\n\t<meta name=\"twitter:data1\" content=\"1 minuto\" \/>\n<script type=\"application\/ld+json\" class=\"yoast-schema-graph\">{\"@context\":\"https:\/\/schema.org\",\"@graph\":[{\"@type\":\"WebPage\",\"@id\":\"https:\/\/drdashop.com\/es\/producto\/i-heart-you\/\",\"url\":\"https:\/\/drdashop.com\/es\/producto\/i-heart-you\/\",\"name\":\"I Heart You by Toni Rubio | DRDA Art\",\"isPartOf\":{\"@id\":\"https:\/\/drdashop.com\/#website\"},\"primaryImageOfPage\":{\"@id\":\"https:\/\/drdashop.com\/es\/producto\/i-heart-you\/#primaryimage\"},\"image\":{\"@id\":\"https:\/\/drdashop.com\/es\/producto\/i-heart-you\/#primaryimage\"},\"thumbnailUrl\":\"https:\/\/drdashop.com\/wp-content\/uploads\/2020\/06\/i-heart-you-product-drdra-art-1024x1024-limited-edition.jpg\",\"datePublished\":\"2020-06-25T14:14:57+00:00\",\"dateModified\":\"2025-03-27T11:47:35+00:00\",\"description\":\"Limited Edition Gicl\u00e9e Fine Art Print, bold Keith Haring-inspired line figure with heart. Original art, paintings & prints that speak diversity & inclusion.\",\"breadcrumb\":{\"@id\":\"https:\/\/drdashop.com\/es\/producto\/i-heart-you\/#breadcrumb\"},\"inLanguage\":\"es\",\"potentialAction\":[{\"@type\":\"ReadAction\",\"target\":[\"https:\/\/drdashop.com\/es\/producto\/i-heart-you\/\"]}]},{\"@type\":\"ImageObject\",\"inLanguage\":\"es\",\"@id\":\"https:\/\/drdashop.com\/es\/producto\/i-heart-you\/#primaryimage\",\"url\":\"https:\/\/drdashop.com\/wp-content\/uploads\/2020\/06\/i-heart-you-product-drdra-art-1024x1024-limited-edition.jpg\",\"contentUrl\":\"https:\/\/drdashop.com\/wp-content\/uploads\/2020\/06\/i-heart-you-product-drdra-art-1024x1024-limited-edition.jpg\",\"width\":1024,\"height\":1024,\"caption\":\"i-heart-you-product-drdra-art-1024x1024-limited-edition\"},{\"@type\":\"BreadcrumbList\",\"@id\":\"https:\/\/drdashop.com\/es\/producto\/i-heart-you\/#breadcrumb\",\"itemListElement\":[{\"@type\":\"ListItem\",\"position\":1,\"name\":\"Home\",\"item\":\"https:\/\/drdashop.com\/es\/\"},{\"@type\":\"ListItem\",\"position\":2,\"name\":\"OBRAS\",\"item\":\"https:\/\/drdashop.com\/es\/obras\/\"},{\"@type\":\"ListItem\",\"position\":3,\"name\":\"I Heart You\"}]},{\"@type\":\"WebSite\",\"@id\":\"https:\/\/drdashop.com\/#website\",\"url\":\"https:\/\/drdashop.com\/\",\"name\":\"DRDA Art\",\"description\":\"We Speak Art. EST. 1989\",\"potentialAction\":[{\"@type\":\"SearchAction\",\"target\":{\"@type\":\"EntryPoint\",\"urlTemplate\":\"https:\/\/drdashop.com\/?s={search_term_string}\"},\"query-input\":{\"@type\":\"PropertyValueSpecification\",\"valueRequired\":true,\"valueName\":\"search_term_string\"}}],\"inLanguage\":\"es\"}]}<\/script>\n<!-- \/ Yoast SEO plugin. -->","yoast_head_json":{"title":"I Heart You by Toni Rubio | DRDA Art","description":"Limited Edition Gicl\u00e9e Fine Art Print, bold Keith Haring-inspired line figure with heart. Original art, paintings & prints that speak diversity & inclusion.","robots":{"index":"index","follow":"follow","max-snippet":"max-snippet:-1","max-image-preview":"max-image-preview:large","max-video-preview":"max-video-preview:-1"},"canonical":"https:\/\/drdashop.com\/es\/producto\/i-heart-you\/","og_locale":"es_ES","og_type":"article","og_title":"I Heart You by Toni Rubio | DRDA Art","og_description":"Limited Edition Gicl\u00e9e Fine Art Print, bold Keith Haring-inspired line figure with heart. Original art, paintings & prints that speak diversity & inclusion.","og_url":"https:\/\/drdashop.com\/es\/producto\/i-heart-you\/","og_site_name":"DRDA Art","article_modified_time":"2025-03-27T11:47:35+00:00","og_image":[{"width":1024,"height":1024,"url":"https:\/\/drdashop.com\/wp-content\/uploads\/2020\/06\/i-heart-you-product-drdra-art-1024x1024-limited-edition.jpg","type":"image\/jpeg"}],"twitter_misc":{"Tiempo de lectura":"1 minuto"},"schema":{"@context":"https:\/\/schema.org","@graph":[{"@type":"WebPage","@id":"https:\/\/drdashop.com\/es\/producto\/i-heart-you\/","url":"https:\/\/drdashop.com\/es\/producto\/i-heart-you\/","name":"I Heart You by Toni Rubio | DRDA Art","isPartOf":{"@id":"https:\/\/drdashop.com\/#website"},"primaryImageOfPage":{"@id":"https:\/\/drdashop.com\/es\/producto\/i-heart-you\/#primaryimage"},"image":{"@id":"https:\/\/drdashop.com\/es\/producto\/i-heart-you\/#primaryimage"},"thumbnailUrl":"https:\/\/drdashop.com\/wp-content\/uploads\/2020\/06\/i-heart-you-product-drdra-art-1024x1024-limited-edition.jpg","datePublished":"2020-06-25T14:14:57+00:00","dateModified":"2025-03-27T11:47:35+00:00","description":"Limited Edition Gicl\u00e9e Fine Art Print, bold Keith Haring-inspired line figure with heart. Original art, paintings & prints that speak diversity & inclusion.","breadcrumb":{"@id":"https:\/\/drdashop.com\/es\/producto\/i-heart-you\/#breadcrumb"},"inLanguage":"es","potentialAction":[{"@type":"ReadAction","target":["https:\/\/drdashop.com\/es\/producto\/i-heart-you\/"]}]},{"@type":"ImageObject","inLanguage":"es","@id":"https:\/\/drdashop.com\/es\/producto\/i-heart-you\/#primaryimage","url":"https:\/\/drdashop.com\/wp-content\/uploads\/2020\/06\/i-heart-you-product-drdra-art-1024x1024-limited-edition.jpg","contentUrl":"https:\/\/drdashop.com\/wp-content\/uploads\/2020\/06\/i-heart-you-product-drdra-art-1024x1024-limited-edition.jpg","width":1024,"height":1024,"caption":"i-heart-you-product-drdra-art-1024x1024-limited-edition"},{"@type":"BreadcrumbList","@id":"https:\/\/drdashop.com\/es\/producto\/i-heart-you\/#breadcrumb","itemListElement":[{"@type":"ListItem","position":1,"name":"Home","item":"https:\/\/drdashop.com\/es\/"},{"@type":"ListItem","position":2,"name":"OBRAS","item":"https:\/\/drdashop.com\/es\/obras\/"},{"@type":"ListItem","position":3,"name":"I Heart You"}]},{"@type":"WebSite","@id":"https:\/\/drdashop.com\/#website","url":"https:\/\/drdashop.com\/","name":"DRDA Art","description":"We Speak Art. EST. 1989","potentialAction":[{"@type":"SearchAction","target":{"@type":"EntryPoint","urlTemplate":"https:\/\/drdashop.com\/?s={search_term_string}"},"query-input":{"@type":"PropertyValueSpecification","valueRequired":true,"valueName":"search_term_string"}}],"inLanguage":"es"}]}},"_links":{"self":[{"href":"https:\/\/drdashop.com\/es\/wp-json\/wp\/v2\/product\/2010","targetHints":{"allow":["GET"]}}],"collection":[{"href":"https:\/\/drdashop.com\/es\/wp-json\/wp\/v2\/product"}],"about":[{"href":"https:\/\/drdashop.com\/es\/wp-json\/wp\/v2\/types\/product"}],"replies":[{"embeddable":true,"href":"https:\/\/drdashop.com\/es\/wp-json\/wp\/v2\/comments?post=2010"}],"wp:featuredmedia":[{"embeddable":true,"href":"https:\/\/drdashop.com\/es\/wp-json\/wp\/v2\/media\/8101"}],"wp:attachment":[{"href":"https:\/\/drdashop.com\/es\/wp-json\/wp\/v2\/media?parent=2010"}],"wp:term":[{"taxonomy":"product_brand","embeddable":true,"href":"https:\/\/drdashop.com\/es\/wp-json\/wp\/v2\/product_brand?post=2010"},{"taxonomy":"product_cat","embeddable":true,"href":"https:\/\/drdashop.com\/es\/wp-json\/wp\/v2\/product_cat?post=2010"},{"taxonomy":"product_tag","embeddable":true,"href":"https:\/\/drdashop.com\/es\/wp-json\/wp\/v2\/product_tag?post=2010"}],"curies":[{"name":"wp","href":"https:\/\/api.w.org\/{rel}","templated":true}]}}