{"id":1952,"date":"2020-07-01T10:17:40","date_gmt":"2020-07-01T10:17:40","guid":{"rendered":"https:\/\/drdashop.com\/product\/liberty\/"},"modified":"2025-03-27T11:21:24","modified_gmt":"2025-03-27T11:21:24","slug":"liberty","status":"publish","type":"product","link":"https:\/\/drdashop.com\/es\/producto\/liberty\/","title":{"rendered":"Liberty"},"content":{"rendered":"<p style=\"text-align: center;\"><a href=\"https:\/\/drdashop.com\/wp-content\/uploads\/2020\/10\/i-autor-toni-rubio-drda-art-01-300x300.jpg\"><img loading=\"lazy\" decoding=\"async\" class=\"alignnone size-medium wp-image-4036\" src=\"https:\/\/drdashop.com\/wp-content\/uploads\/2020\/10\/i-autor-toni-rubio-drda-art-01-300x300.jpg\" alt=\"i-autor-toni-rubio-drda-art-01\" width=\"300\" height=\"300\" srcset=\"https:\/\/drdashop.com\/wp-content\/uploads\/2020\/10\/i-autor-toni-rubio-drda-art-01-300x300.jpg 300w, https:\/\/drdashop.com\/wp-content\/uploads\/2020\/10\/i-autor-toni-rubio-drda-art-01-150x150.jpg 150w, https:\/\/drdashop.com\/wp-content\/uploads\/2020\/10\/i-autor-toni-rubio-drda-art-01-768x768.jpg 768w, https:\/\/drdashop.com\/wp-content\/uploads\/2020\/10\/i-autor-toni-rubio-drda-art-01-500x500.jpg 500w, https:\/\/drdashop.com\/wp-content\/uploads\/2020\/10\/i-autor-toni-rubio-drda-art-01-100x100.jpg 100w, https:\/\/drdashop.com\/wp-content\/uploads\/2020\/10\/i-autor-toni-rubio-drda-art-01.jpg 800w\" sizes=\"auto, (max-width: 300px) 100vw, 300px\" \/><\/a><\/p>\n<p style=\"text-align: center;\">Mediante esta obra fotogr\u00e1fica de la estatua de la libertad de espaldas, el artista expresa su visi\u00f3n sobre c\u00f3mo solo es posible que seamos libres cuando todos los colectivos puedan vivir libremente y reine la diversidad.<\/p>\n<p style=\"text-align: center;\">\u2022 Obra firmada por el artista, numerada y con sello en relieve.<br \/>\n\u2022 Obra de arte acompa\u00f1ada de su Certificado de Autenticidad.<br \/>\n\u2022 El artwork incluye un par de guantes blancos de algod\u00f3n especiales para la manipulaci\u00f3n de obras de arte.<br \/>\n\u2022 Marco no incluido.<\/p>\n","protected":false},"excerpt":{"rendered":"<p><a href=\"https:\/\/drdashop.com\/es\/arte-contemporaneo-de-toni-rubio\/\" style=\"color: #e10098; text-decoration: underline;\">Toni Rubio<\/a><br \/>\nEdici\u00f3n Limitada de 80<br \/>\nHahnem\u00fchle Photo Rag 308 gsm 100% Papel de algod\u00f3n<br \/>\n50 x 70 cm<\/p>\n","protected":false},"featured_media":8119,"comment_status":"open","ping_status":"closed","template":"","meta":[],"product_brand":[],"product_cat":[320,235,240],"product_tag":[188,164,187,189],"class_list":{"0":"post-1952","1":"product","2":"type-product","3":"status-publish","4":"has-post-thumbnail","6":"product_cat-ediciones-limitadas","7":"product_cat-you-belong-es","8":"product_cat-you-enjoy-es","9":"product_tag-fotografia","10":"product_tag-mujer-es","11":"product_tag-nyc-es-2","12":"product_tag-viaje","13":"pa_color-blanco","14":"pa_color-gris","15":"pa_color-negro","17":"first","18":"instock","19":"taxable","20":"shipping-taxable","21":"purchasable","22":"product-type-simple"},"yoast_head":"<!-- This site is optimized with the Yoast SEO plugin v27.1.1 - https:\/\/yoast.com\/product\/yoast-seo-wordpress\/ -->\n<title>Liberty by Toni Rubio | DRDA Art<\/title>\n<meta name=\"description\" content=\"Limited Edition Gicl\u00e9e Fine Art Print, black &amp; white Statue of Liberty travel photograph. Original art, paintings &amp; prints that speak diversity &amp; inclusion.\" \/>\n<meta name=\"robots\" content=\"index, follow, max-snippet:-1, max-image-preview:large, max-video-preview:-1\" \/>\n<link rel=\"canonical\" href=\"https:\/\/drdashop.com\/es\/producto\/liberty\/\" \/>\n<meta property=\"og:locale\" content=\"es_ES\" \/>\n<meta property=\"og:type\" content=\"article\" \/>\n<meta property=\"og:title\" content=\"Liberty by Toni Rubio | DRDA Art\" \/>\n<meta property=\"og:description\" content=\"Limited Edition Gicl\u00e9e Fine Art Print, black &amp; white Statue of Liberty travel photograph. Original art, paintings &amp; prints that speak diversity &amp; inclusion.\" \/>\n<meta property=\"og:url\" content=\"https:\/\/drdashop.com\/es\/producto\/liberty\/\" \/>\n<meta property=\"og:site_name\" content=\"DRDA Art\" \/>\n<meta property=\"article:modified_time\" content=\"2025-03-27T11:21:24+00:00\" \/>\n<meta property=\"og:image\" content=\"https:\/\/drdashop.com\/wp-content\/uploads\/2020\/07\/liberty-product-drdra-art-1024x1024-limited-edition.jpg\" \/>\n\t<meta property=\"og:image:width\" content=\"1024\" \/>\n\t<meta property=\"og:image:height\" content=\"1024\" \/>\n\t<meta property=\"og:image:type\" content=\"image\/jpeg\" \/>\n<meta name=\"twitter:label1\" content=\"Tiempo de lectura\" \/>\n\t<meta name=\"twitter:data1\" content=\"1 minuto\" \/>\n<script type=\"application\/ld+json\" class=\"yoast-schema-graph\">{\"@context\":\"https:\/\/schema.org\",\"@graph\":[{\"@type\":\"WebPage\",\"@id\":\"https:\/\/drdashop.com\/es\/producto\/liberty\/\",\"url\":\"https:\/\/drdashop.com\/es\/producto\/liberty\/\",\"name\":\"Liberty by Toni Rubio | DRDA Art\",\"isPartOf\":{\"@id\":\"https:\/\/drdashop.com\/#website\"},\"primaryImageOfPage\":{\"@id\":\"https:\/\/drdashop.com\/es\/producto\/liberty\/#primaryimage\"},\"image\":{\"@id\":\"https:\/\/drdashop.com\/es\/producto\/liberty\/#primaryimage\"},\"thumbnailUrl\":\"https:\/\/drdashop.com\/wp-content\/uploads\/2020\/07\/liberty-product-drdra-art-1024x1024-limited-edition.jpg\",\"datePublished\":\"2020-07-01T10:17:40+00:00\",\"dateModified\":\"2025-03-27T11:21:24+00:00\",\"description\":\"Limited Edition Gicl\u00e9e Fine Art Print, black & white Statue of Liberty travel photograph. Original art, paintings & prints that speak diversity & inclusion.\",\"breadcrumb\":{\"@id\":\"https:\/\/drdashop.com\/es\/producto\/liberty\/#breadcrumb\"},\"inLanguage\":\"es\",\"potentialAction\":[{\"@type\":\"ReadAction\",\"target\":[\"https:\/\/drdashop.com\/es\/producto\/liberty\/\"]}]},{\"@type\":\"ImageObject\",\"inLanguage\":\"es\",\"@id\":\"https:\/\/drdashop.com\/es\/producto\/liberty\/#primaryimage\",\"url\":\"https:\/\/drdashop.com\/wp-content\/uploads\/2020\/07\/liberty-product-drdra-art-1024x1024-limited-edition.jpg\",\"contentUrl\":\"https:\/\/drdashop.com\/wp-content\/uploads\/2020\/07\/liberty-product-drdra-art-1024x1024-limited-edition.jpg\",\"width\":1024,\"height\":1024,\"caption\":\"liberty-product-drdra-art-1024x1024-limited-edition\"},{\"@type\":\"BreadcrumbList\",\"@id\":\"https:\/\/drdashop.com\/es\/producto\/liberty\/#breadcrumb\",\"itemListElement\":[{\"@type\":\"ListItem\",\"position\":1,\"name\":\"Home\",\"item\":\"https:\/\/drdashop.com\/es\/\"},{\"@type\":\"ListItem\",\"position\":2,\"name\":\"OBRAS\",\"item\":\"https:\/\/drdashop.com\/es\/obras\/\"},{\"@type\":\"ListItem\",\"position\":3,\"name\":\"Liberty\"}]},{\"@type\":\"WebSite\",\"@id\":\"https:\/\/drdashop.com\/#website\",\"url\":\"https:\/\/drdashop.com\/\",\"name\":\"DRDA Art\",\"description\":\"We Speak Art. EST. 1989\",\"potentialAction\":[{\"@type\":\"SearchAction\",\"target\":{\"@type\":\"EntryPoint\",\"urlTemplate\":\"https:\/\/drdashop.com\/?s={search_term_string}\"},\"query-input\":{\"@type\":\"PropertyValueSpecification\",\"valueRequired\":true,\"valueName\":\"search_term_string\"}}],\"inLanguage\":\"es\"}]}<\/script>\n<!-- \/ Yoast SEO plugin. -->","yoast_head_json":{"title":"Liberty by Toni Rubio | DRDA Art","description":"Limited Edition Gicl\u00e9e Fine Art Print, black & white Statue of Liberty travel photograph. Original art, paintings & prints that speak diversity & inclusion.","robots":{"index":"index","follow":"follow","max-snippet":"max-snippet:-1","max-image-preview":"max-image-preview:large","max-video-preview":"max-video-preview:-1"},"canonical":"https:\/\/drdashop.com\/es\/producto\/liberty\/","og_locale":"es_ES","og_type":"article","og_title":"Liberty by Toni Rubio | DRDA Art","og_description":"Limited Edition Gicl\u00e9e Fine Art Print, black & white Statue of Liberty travel photograph. Original art, paintings & prints that speak diversity & inclusion.","og_url":"https:\/\/drdashop.com\/es\/producto\/liberty\/","og_site_name":"DRDA Art","article_modified_time":"2025-03-27T11:21:24+00:00","og_image":[{"width":1024,"height":1024,"url":"https:\/\/drdashop.com\/wp-content\/uploads\/2020\/07\/liberty-product-drdra-art-1024x1024-limited-edition.jpg","type":"image\/jpeg"}],"twitter_misc":{"Tiempo de lectura":"1 minuto"},"schema":{"@context":"https:\/\/schema.org","@graph":[{"@type":"WebPage","@id":"https:\/\/drdashop.com\/es\/producto\/liberty\/","url":"https:\/\/drdashop.com\/es\/producto\/liberty\/","name":"Liberty by Toni Rubio | DRDA Art","isPartOf":{"@id":"https:\/\/drdashop.com\/#website"},"primaryImageOfPage":{"@id":"https:\/\/drdashop.com\/es\/producto\/liberty\/#primaryimage"},"image":{"@id":"https:\/\/drdashop.com\/es\/producto\/liberty\/#primaryimage"},"thumbnailUrl":"https:\/\/drdashop.com\/wp-content\/uploads\/2020\/07\/liberty-product-drdra-art-1024x1024-limited-edition.jpg","datePublished":"2020-07-01T10:17:40+00:00","dateModified":"2025-03-27T11:21:24+00:00","description":"Limited Edition Gicl\u00e9e Fine Art Print, black & white Statue of Liberty travel photograph. Original art, paintings & prints that speak diversity & inclusion.","breadcrumb":{"@id":"https:\/\/drdashop.com\/es\/producto\/liberty\/#breadcrumb"},"inLanguage":"es","potentialAction":[{"@type":"ReadAction","target":["https:\/\/drdashop.com\/es\/producto\/liberty\/"]}]},{"@type":"ImageObject","inLanguage":"es","@id":"https:\/\/drdashop.com\/es\/producto\/liberty\/#primaryimage","url":"https:\/\/drdashop.com\/wp-content\/uploads\/2020\/07\/liberty-product-drdra-art-1024x1024-limited-edition.jpg","contentUrl":"https:\/\/drdashop.com\/wp-content\/uploads\/2020\/07\/liberty-product-drdra-art-1024x1024-limited-edition.jpg","width":1024,"height":1024,"caption":"liberty-product-drdra-art-1024x1024-limited-edition"},{"@type":"BreadcrumbList","@id":"https:\/\/drdashop.com\/es\/producto\/liberty\/#breadcrumb","itemListElement":[{"@type":"ListItem","position":1,"name":"Home","item":"https:\/\/drdashop.com\/es\/"},{"@type":"ListItem","position":2,"name":"OBRAS","item":"https:\/\/drdashop.com\/es\/obras\/"},{"@type":"ListItem","position":3,"name":"Liberty"}]},{"@type":"WebSite","@id":"https:\/\/drdashop.com\/#website","url":"https:\/\/drdashop.com\/","name":"DRDA Art","description":"We Speak Art. EST. 1989","potentialAction":[{"@type":"SearchAction","target":{"@type":"EntryPoint","urlTemplate":"https:\/\/drdashop.com\/?s={search_term_string}"},"query-input":{"@type":"PropertyValueSpecification","valueRequired":true,"valueName":"search_term_string"}}],"inLanguage":"es"}]}},"_links":{"self":[{"href":"https:\/\/drdashop.com\/es\/wp-json\/wp\/v2\/product\/1952","targetHints":{"allow":["GET"]}}],"collection":[{"href":"https:\/\/drdashop.com\/es\/wp-json\/wp\/v2\/product"}],"about":[{"href":"https:\/\/drdashop.com\/es\/wp-json\/wp\/v2\/types\/product"}],"replies":[{"embeddable":true,"href":"https:\/\/drdashop.com\/es\/wp-json\/wp\/v2\/comments?post=1952"}],"wp:featuredmedia":[{"embeddable":true,"href":"https:\/\/drdashop.com\/es\/wp-json\/wp\/v2\/media\/8119"}],"wp:attachment":[{"href":"https:\/\/drdashop.com\/es\/wp-json\/wp\/v2\/media?parent=1952"}],"wp:term":[{"taxonomy":"product_brand","embeddable":true,"href":"https:\/\/drdashop.com\/es\/wp-json\/wp\/v2\/product_brand?post=1952"},{"taxonomy":"product_cat","embeddable":true,"href":"https:\/\/drdashop.com\/es\/wp-json\/wp\/v2\/product_cat?post=1952"},{"taxonomy":"product_tag","embeddable":true,"href":"https:\/\/drdashop.com\/es\/wp-json\/wp\/v2\/product_tag?post=1952"}],"curies":[{"name":"wp","href":"https:\/\/api.w.org\/{rel}","templated":true}]}}