{"id":4503,"date":"2023-04-20T09:55:46","date_gmt":"2023-04-20T09:55:46","guid":{"rendered":"https:\/\/drdashop.com\/?page_id=4503"},"modified":"2023-04-20T14:08:29","modified_gmt":"2023-04-20T14:08:29","slug":"metaverso-museo","status":"publish","type":"page","link":"https:\/\/drdashop.com\/es\/metaverso-museo\/","title":{"rendered":"Metaverso Museo"},"content":{"rendered":"<p>[vc_row full_width=&#8221;stretch_row_content_no_spaces&#8221; full_height=&#8221;yes&#8221; css=&#8221;.vc_custom_1681985109373{background-image: url(https:\/\/drdashop.com\/wp-content\/uploads\/2023\/04\/header-metaverse-museum-drda-art-07.jpg?id=4529) !important;background-position: center !important;background-repeat: no-repeat !important;background-size: cover !important;}&#8221;][vc_column width=&#8221;1\/4&#8243;][\/vc_column][vc_column width=&#8221;1\/2&#8243;][vc_row_inner][vc_column_inner offset=&#8221;vc_hidden-md vc_hidden-sm vc_hidden-xs&#8221;][vc_column_text]<\/p>\n<p style=\"text-align: center; color: #ffffff; font-size: 100px; line-height: 100%; text-shadow: 2px 2px 1px #444;\"><strong>DRDA Art<br \/>\nMetamuseum<\/strong><\/p>\n<p style=\"text-align: center; color: #ffffff; font-size: 25px; line-height: 100%; text-shadow: 2px 2px 1px #444;\"><strong>\u00a1Sum\u00e9rgete en el futuro del arte!<\/strong><\/p>\n<p>[\/vc_column_text][vc_btn title=&#8221;Entra ahora&#8221; style=&#8221;outline-custom&#8221; outline_custom_color=&#8221;#ffffff&#8221; outline_custom_hover_background=&#8221;#0a0a0a&#8221; outline_custom_hover_text=&#8221;#ffffff&#8221; shape=&#8221;square&#8221; size=&#8221;sm&#8221; align=&#8221;center&#8221; link=&#8221;url:https%3A%2F%2Fbit.ly%2Fdrdaartmetamuseum||target:%20_blank|&#8221;][\/vc_column_inner][\/vc_row_inner][vc_row_inner][vc_column_inner offset=&#8221;vc_hidden-lg vc_hidden-xs&#8221;][vc_column_text]<\/p>\n<p style=\"text-align: center; color: #ffffff; font-size: 55px; line-height: 100%; text-shadow: 2px 2px 1px #444;\"><strong>DRDA Art<br \/>\nMetamuseum<\/strong><\/p>\n<p style=\"text-align: center; color: #ffffff; font-size: 25px; line-height: 100%; text-shadow: 2px 2px 1px #444;\"><strong>\u00a1Sum\u00e9rgete en el futuro del arte!<\/strong><\/p>\n<p>[\/vc_column_text][vc_btn title=&#8221;Entra ahora&#8221; style=&#8221;outline-custom&#8221; outline_custom_color=&#8221;#ffffff&#8221; outline_custom_hover_background=&#8221;#0a0a0a&#8221; outline_custom_hover_text=&#8221;#ffffff&#8221; shape=&#8221;square&#8221; size=&#8221;sm&#8221; align=&#8221;center&#8221; link=&#8221;url:https%3A%2F%2Fbit.ly%2Fdrdaartmetamuseum||target:%20_blank|&#8221;][\/vc_column_inner][\/vc_row_inner][vc_row_inner][vc_column_inner offset=&#8221;vc_hidden-lg vc_hidden-md vc_hidden-sm&#8221;][vc_column_text]<\/p>\n<p style=\"text-align: center; color: #ffffff; font-size: 40px; line-height: 100%; text-shadow: 2px 2px 1px #444;\"><strong>DRDA Art<br \/>\nMetamuseum<\/strong><\/p>\n<p style=\"text-align: center; color: #ffffff; font-size: 20px; line-height: 100%; text-shadow: 2px 2px 1px #444;\"><strong>\u00a1Sum\u00e9rgete en el futuro del arte!<\/strong><\/p>\n<p>[\/vc_column_text][vc_btn title=&#8221;Entra ahora&#8221; style=&#8221;outline-custom&#8221; outline_custom_color=&#8221;#ffffff&#8221; outline_custom_hover_background=&#8221;#0a0a0a&#8221; outline_custom_hover_text=&#8221;#ffffff&#8221; shape=&#8221;square&#8221; size=&#8221;sm&#8221; align=&#8221;center&#8221; link=&#8221;url:https%3A%2F%2Fbit.ly%2Fdrdaartmetamuseum||target:%20_blank|&#8221;][\/vc_column_inner][\/vc_row_inner][\/vc_column][vc_column width=&#8221;1\/4&#8243;][\/vc_column][\/vc_row][vc_row full_width=&#8221;stretch_row_content_no_spaces&#8221; equal_height=&#8221;yes&#8221; content_placement=&#8221;middle&#8221;][vc_column width=&#8221;1\/2&#8243; css=&#8221;.vc_custom_1681985242577{background-image: url(https:\/\/drdashop.com\/wp-content\/uploads\/2023\/04\/metaverse-museum-drda-art-1920&#215;1080-a.jpg?id=4554) !important;background-position: center !important;background-repeat: no-repeat !important;background-size: cover !important;}&#8221; offset=&#8221;vc_hidden-md vc_hidden-sm vc_hidden-xs&#8221;][\/vc_column][vc_column width=&#8221;1\/2&#8243; css=&#8221;.vc_custom_1664439281838{padding-top: 10% !important;padding-right: 15% !important;padding-bottom: 10% !important;padding-left: 15% !important;}&#8221; offset=&#8221;vc_hidden-md vc_hidden-sm vc_hidden-xs&#8221;][vc_column_text]<\/p>\n<h2>\u00bfQu\u00e9 es el Metamuseo DRDA ART?<\/h2>\n<p><span style=\"color: #808080;\">El Metamuseo DRDA Art es el primer museo en el metaverso dedicado a la diversidad. Es un espacio inmersivo para la comunidad unida por el arte, la diversidad y la cultura, un lugar para descubrir nuevos artistas, disfrutar de m\u00fasica e iniciativas diversas, pero tambi\u00e9n un lugar para embarcarse en un viaje de autoconciencia y reflexi\u00f3n. Es un espacio vivo para celebrar y conectar con una comunidad vibrante y diversa, abierto las 24 horas del d\u00eda, los 7 d\u00edas de la semana, con entrada gratuita y accesible desde cualquier lugar del mundo.<\/span>[\/vc_column_text][\/vc_column][\/vc_row][vc_row full_width=&#8221;stretch_row_content_no_spaces&#8221; equal_height=&#8221;yes&#8221; content_placement=&#8221;middle&#8221;][vc_column width=&#8221;1\/2&#8243; css=&#8221;.vc_custom_1681985385030{background-image: url(https:\/\/drdashop.com\/wp-content\/uploads\/2023\/04\/metaverse-museum-drda-art-1080&#215;1920-a-mobile.jpg?id=4557) !important;background-position: center !important;background-repeat: no-repeat !important;background-size: cover !important;}&#8221; offset=&#8221;vc_hidden-lg vc_hidden-xs&#8221;][\/vc_column][vc_column width=&#8221;1\/2&#8243; css=&#8221;.vc_custom_1664439253601{padding-top: 10% !important;padding-right: 15% !important;padding-bottom: 10% !important;padding-left: 15% !important;}&#8221; offset=&#8221;vc_hidden-lg vc_hidden-xs&#8221;][vc_column_text]<\/p>\n<h2>\u00bfQu\u00e9 es el Metamuseo DRDA ART?<\/h2>\n<p><span style=\"color: #808080;\">El Metamuseo DRDA Art es el primer museo en el metaverso dedicado a la diversidad. Es un espacio inmersivo para la comunidad unida por el arte, la diversidad y la cultura, un lugar para descubrir nuevos artistas, disfrutar de m\u00fasica e iniciativas diversas, pero tambi\u00e9n un lugar para embarcarse en un viaje de autoconciencia y reflexi\u00f3n. Es un espacio vivo para celebrar y conectar con una comunidad vibrante y diversa, abierto las 24 horas del d\u00eda, los 7 d\u00edas de la semana, con entrada gratuita y accesible desde cualquier lugar del mundo.<\/span>[\/vc_column_text][\/vc_column][\/vc_row][vc_row full_width=&#8221;stretch_row_content_no_spaces&#8221; equal_height=&#8221;yes&#8221; content_placement=&#8221;middle&#8221;][vc_column width=&#8221;1\/2&#8243; offset=&#8221;vc_hidden-lg vc_hidden-md vc_hidden-sm&#8221;][vc_single_image image=&#8221;4557&#8243; img_size=&#8221;large&#8221; alignment=&#8221;center&#8221;][\/vc_column][vc_column width=&#8221;1\/2&#8243; css=&#8221;.vc_custom_1681985354509{padding-top: 10% !important;padding-right: 15% !important;padding-bottom: 10% !important;padding-left: 15% !important;background-position: center !important;background-repeat: no-repeat !important;background-size: cover !important;}&#8221; offset=&#8221;vc_hidden-lg vc_hidden-md vc_hidden-sm&#8221;][vc_column_text]<\/p>\n<h2 style=\"text-align: left;\">\u00bfQu\u00e9 es el Metamuseo DRDA ART?<\/h2>\n<p style=\"text-align: left;\"><span style=\"color: #808080;\">El Metamuseo DRDA Art es el primer museo en el metaverso dedicado a la diversidad. Es un espacio inmersivo para la comunidad unida por el arte, la diversidad y la cultura, un lugar para descubrir nuevos artistas, disfrutar de m\u00fasica e iniciativas diversas, pero tambi\u00e9n un lugar para embarcarse en un viaje de autoconciencia y reflexi\u00f3n. Es un espacio vivo para celebrar y conectar con una comunidad vibrante y diversa, abierto las 24 horas del d\u00eda, los 7 d\u00edas de la semana, con entrada gratuita y accesible desde cualquier lugar del mundo.<\/span><\/p>\n<p>[\/vc_column_text][\/vc_column][\/vc_row][vc_row full_width=&#8221;stretch_row_content_no_spaces&#8221; equal_height=&#8221;yes&#8221; content_placement=&#8221;middle&#8221;][vc_column width=&#8221;1\/2&#8243; css=&#8221;.vc_custom_1681986352516{padding-top: 10% !important;padding-right: 15% !important;padding-bottom: 10% !important;padding-left: 15% !important;}&#8221; offset=&#8221;vc_hidden-md vc_hidden-sm vc_hidden-xs&#8221;][vc_column_text]<\/p>\n<h2 style=\"text-align: left;\">Consejos para disfrutar al m\u00e1ximo de la experiencia inmersiva<\/h2>\n<p style=\"text-align: left;\"><span style=\"color: #808080;\">\u2022 Aseg\u00farate de habilitar el audio para poder hablar con las personas dentro. Puedes comunicarte con otras personas o avatares a trav\u00e9s del micr\u00f3fono.<br \/>\n\u2022 El chat es p\u00fablico, por lo que te recomendamos usarlo solo cuando quieras dirigirte a todos los presentes.<br \/>\n\u2022 El respeto es esencial en nuestro espacio de diversidad y arte, te pedimos que mantengas un tono respetuoso en todo momento y utilices un lenguaje apropiado en todo momento.<\/span><\/p>\n<p>[\/vc_column_text][\/vc_column][vc_column width=&#8221;1\/2&#8243; css=&#8221;.vc_custom_1681985934566{background-image: url(https:\/\/drdashop.com\/wp-content\/uploads\/2023\/04\/metaverse-museum-drda-art-1920&#215;1080-b.jpg?id=4561) !important;background-position: center !important;background-repeat: no-repeat !important;background-size: cover !important;}&#8221; offset=&#8221;vc_hidden-md vc_hidden-sm vc_hidden-xs&#8221;][\/vc_column][\/vc_row][vc_row full_width=&#8221;stretch_row_content_no_spaces&#8221; equal_height=&#8221;yes&#8221; content_placement=&#8221;middle&#8221;][vc_column width=&#8221;1\/2&#8243; css=&#8221;.vc_custom_1664444540225{padding-top: 10% !important;padding-right: 15% !important;padding-bottom: 10% !important;padding-left: 15% !important;}&#8221; offset=&#8221;vc_hidden-lg vc_hidden-xs&#8221;][vc_column_text]<\/p>\n<h2 style=\"text-align: left;\">Consejos para disfrutar al m\u00e1ximo de la experiencia inmersiva<\/h2>\n<p style=\"text-align: left;\"><span style=\"color: #808080;\">\u2022 Aseg\u00farate de habilitar el audio para poder hablar con las personas dentro. Puedes comunicarte con otras personas o avatares a trav\u00e9s del micr\u00f3fono.<br \/>\n\u2022 El chat es p\u00fablico, por lo que te recomendamos usarlo solo cuando quieras dirigirte a todos los presentes.<br \/>\n\u2022 El respeto es esencial en nuestro espacio de diversidad y arte, te pedimos que mantengas un tono respetuoso en todo momento y utilices un lenguaje apropiado en todo momento.<\/span><\/p>\n<p>[\/vc_column_text][\/vc_column][vc_column width=&#8221;1\/2&#8243; css=&#8221;.vc_custom_1681985948772{background-image: url(https:\/\/drdashop.com\/wp-content\/uploads\/2023\/04\/metaverse-museum-drda-art-1080&#215;1920-b-mobile.jpg?id=4563) !important;background-position: center !important;background-repeat: no-repeat !important;background-size: cover !important;}&#8221; offset=&#8221;vc_hidden-lg vc_hidden-xs&#8221;][\/vc_column][\/vc_row][vc_row full_width=&#8221;stretch_row_content_no_spaces&#8221; equal_height=&#8221;yes&#8221; content_placement=&#8221;middle&#8221;][vc_column width=&#8221;1\/2&#8243; offset=&#8221;vc_hidden-lg vc_hidden-md vc_hidden-sm&#8221;][vc_single_image image=&#8221;4563&#8243; img_size=&#8221;large&#8221; alignment=&#8221;center&#8221;][\/vc_column][vc_column width=&#8221;1\/2&#8243; css=&#8221;.vc_custom_1681985354509{padding-top: 10% !important;padding-right: 15% !important;padding-bottom: 10% !important;padding-left: 15% !important;background-position: center !important;background-repeat: no-repeat !important;background-size: cover !important;}&#8221; offset=&#8221;vc_hidden-lg vc_hidden-md vc_hidden-sm&#8221;][vc_column_text]<\/p>\n<h2 style=\"text-align: left;\">Consejos para disfrutar al m\u00e1ximo de la experiencia inmersiva<\/h2>\n<p style=\"text-align: left;\"><span style=\"color: #808080;\">\u2022 Aseg\u00farate de habilitar el audio para poder hablar con las personas dentro. Puedes comunicarte con otras personas o avatares a trav\u00e9s del micr\u00f3fono.<br \/>\n\u2022 El chat es p\u00fablico, por lo que te recomendamos usarlo solo cuando quieras dirigirte a todos los presentes.<br \/>\n\u2022 El respeto es esencial en nuestro espacio de diversidad y arte, te pedimos que mantengas un tono respetuoso en todo momento y utilices un lenguaje apropiado en todo momento.<\/span><\/p>\n<p>[\/vc_column_text][\/vc_column][\/vc_row][vc_row full_width=&#8221;stretch_row_content_no_spaces&#8221; equal_height=&#8221;yes&#8221; content_placement=&#8221;middle&#8221;][vc_column width=&#8221;1\/2&#8243; css=&#8221;.vc_custom_1681986424603{background-image: url(https:\/\/drdashop.com\/wp-content\/uploads\/2023\/04\/metaverse-museum-drda-art-1920&#215;1080-c.jpg?id=4566) !important;background-position: center !important;background-repeat: no-repeat !important;background-size: cover !important;}&#8221; offset=&#8221;vc_hidden-md vc_hidden-sm vc_hidden-xs&#8221;][\/vc_column][vc_column width=&#8221;1\/2&#8243; css=&#8221;.vc_custom_1664439281838{padding-top: 10% !important;padding-right: 15% !important;padding-bottom: 10% !important;padding-left: 15% !important;}&#8221; offset=&#8221;vc_hidden-md vc_hidden-sm vc_hidden-xs&#8221;][vc_column_text]<\/p>\n<h2>\u00bfQu\u00e9 puedes hacer dentro del Metamuseo?<\/h2>\n<p><span style=\"color: #808080;\">\u2022 <strong>Interactuar y hablar<\/strong> con otras personas\/avatares. Activa tu micr\u00f3fono y aseg\u00farate de estar a una distancia que pueda escucharte.<br \/>\n\u2022 <strong>Reaccionar<\/strong>, aplaudir, bailar y mostrar tus emociones con las reacciones.<br \/>\n\u2022 Caminar como si estuvieras en un espacio f\u00edsico desplazandote con tu teclado o tu joystick, recorre el espacio, amplia informaci\u00f3n.<br \/>\n\u2022 Saludar a todos usando el chat p\u00fablico o compartir lo que m\u00e1s te ha sorprendido o tus obras favoritas para que otros puedan interactuar contigo.<\/span>[\/vc_column_text][\/vc_column][\/vc_row][vc_row full_width=&#8221;stretch_row_content_no_spaces&#8221; equal_height=&#8221;yes&#8221; content_placement=&#8221;middle&#8221;][vc_column width=&#8221;1\/2&#8243; css=&#8221;.vc_custom_1681986443396{background-image: url(https:\/\/drdashop.com\/wp-content\/uploads\/2023\/04\/metaverse-museum-drda-art-1080&#215;1920-c-mobile.jpg?id=4568) !important;background-position: center !important;background-repeat: no-repeat !important;background-size: cover !important;}&#8221; offset=&#8221;vc_hidden-lg vc_hidden-xs&#8221;][\/vc_column][vc_column width=&#8221;1\/2&#8243; css=&#8221;.vc_custom_1664439253601{padding-top: 10% !important;padding-right: 15% !important;padding-bottom: 10% !important;padding-left: 15% !important;}&#8221; offset=&#8221;vc_hidden-lg vc_hidden-xs&#8221;][vc_column_text]<\/p>\n<h2>\u00bfQu\u00e9 puedes hacer dentro del Metamuseo?<\/h2>\n<p><span style=\"color: #808080;\">\u2022 <strong>Interactuar y hablar<\/strong> con otras personas\/avatares. Activa tu micr\u00f3fono y aseg\u00farate de estar a una distancia que pueda escucharte.<br \/>\n\u2022 <strong>Reaccionar<\/strong>, aplaudir, bailar y mostrar tus emociones con las reacciones.<br \/>\n\u2022 Caminar como si estuvieras en un espacio f\u00edsico desplazandote con tu teclado o tu joystick, recorre el espacio, amplia informaci\u00f3n.<br \/>\n\u2022 Saludar a todos usando el chat p\u00fablico o compartir lo que m\u00e1s te ha sorprendido o tus obras favoritas para que otros puedan interactuar contigo.<\/span>[\/vc_column_text][\/vc_column][\/vc_row][vc_row full_width=&#8221;stretch_row_content_no_spaces&#8221; equal_height=&#8221;yes&#8221; content_placement=&#8221;middle&#8221;][vc_column width=&#8221;1\/2&#8243; offset=&#8221;vc_hidden-lg vc_hidden-md vc_hidden-sm&#8221;][vc_single_image image=&#8221;4568&#8243; img_size=&#8221;large&#8221; alignment=&#8221;center&#8221;][\/vc_column][vc_column width=&#8221;1\/2&#8243; css=&#8221;.vc_custom_1681985354509{padding-top: 10% !important;padding-right: 15% !important;padding-bottom: 10% !important;padding-left: 15% !important;background-position: center !important;background-repeat: no-repeat !important;background-size: cover !important;}&#8221; offset=&#8221;vc_hidden-lg vc_hidden-md vc_hidden-sm&#8221;][vc_column_text]<\/p>\n<h2 style=\"text-align: left;\">\u00bfQu\u00e9 puedes hacer dentro del Metamuseo?<\/h2>\n<p style=\"text-align: left;\"><span style=\"color: #808080;\">\u2022 <strong>Interactuar y hablar<\/strong> con otras personas\/avatares. Activa tu micr\u00f3fono y aseg\u00farate de estar a una distancia que pueda escucharte.<br \/>\n\u2022 <strong>Reaccionar<\/strong>, aplaudir, bailar y mostrar tus emociones con las reacciones.<br \/>\n\u2022 Caminar como si estuvieras en un espacio f\u00edsico desplazandote con tu teclado o tu joystick, recorre el espacio, amplia informaci\u00f3n.<br \/>\n\u2022 Saludar a todos usando el chat p\u00fablico o compartir lo que m\u00e1s te ha sorprendido o tus obras favoritas para que otros puedan interactuar contigo.<br \/>\n<\/span><\/p>\n<p>[\/vc_column_text][\/vc_column][\/vc_row][vc_row full_width=&#8221;stretch_row_content_no_spaces&#8221;][vc_column offset=&#8221;vc_hidden-md vc_hidden-sm vc_hidden-xs&#8221;][vc_row_inner][vc_column_inner width=&#8221;1\/3&#8243;][\/vc_column_inner][vc_column_inner width=&#8221;1\/3&#8243; css=&#8221;.vc_custom_1665134972530{padding-top: 10% !important;}&#8221;][vc_column_text]<\/p>\n<h2 style=\"text-align: center;\">\u00bfC\u00f3mo acceder al Metamuseo DRDA ART?<\/h2>\n<p style=\"text-align: center;\"><span style=\"color: #808080;\">El Metamuseo DRDA Art se puede acceder a trav\u00e9s del ordenador utilizando el navegador web en <a style=\"color: blue; text-decoration: underline;\" href=\"https:\/\/bit.ly\/drdaartmetamuseum\" target=\"_blank\" rel=\"noopener\">este enlace<\/a>.<br \/>\no Utilizando dispositivo de realidad virtual. Evite utilizar la aplicaci\u00f3n m\u00f3vil para disfrutar de la mejor experiencia, ya que a\u00fan est\u00e1 en fase beta.<br \/>\n<\/span><\/p>\n<p>[\/vc_column_text][vc_single_image image=&#8221;4616&#8243; img_size=&#8221;large&#8221; alignment=&#8221;center&#8221;][\/vc_column_inner][vc_column_inner width=&#8221;1\/3&#8243;][\/vc_column_inner][\/vc_row_inner][\/vc_column][\/vc_row][vc_row][vc_column offset=&#8221;vc_hidden-lg&#8221; css=&#8221;.vc_custom_1665135030723{margin-top: 10% !important;}&#8221;][vc_row_inner][vc_column_inner css=&#8221;.vc_custom_1665135018843{padding-right: 10% !important;padding-left: 10% !important;}&#8221;][vc_column_text]<\/p>\n<h2 style=\"text-align: center;\">\u00bfC\u00f3mo acceder al Metamuseo DRDA ART?<\/h2>\n<p style=\"text-align: center;\"><span style=\"color: #808080;\">El Metamuseo DRDA Art se puede acceder a trav\u00e9s del ordenador utilizando el navegador web en <a style=\"color: blue; text-decoration: underline;\" href=\"https:\/\/bit.ly\/drdaartmetamuseum\" target=\"_blank\" rel=\"noopener\">este enlace<\/a>.<br \/>\no Utilizando dispositivo de realidad virtual. Evite utilizar la aplicaci\u00f3n m\u00f3vil para disfrutar de la mejor experiencia, ya que a\u00fan est\u00e1 en fase beta.<br \/>\n<\/span><\/p>\n<p>[\/vc_column_text][vc_single_image image=&#8221;4616&#8243; img_size=&#8221;large&#8221; alignment=&#8221;center&#8221;][\/vc_column_inner][\/vc_row_inner][\/vc_column][\/vc_row][vc_row css=&#8221;.vc_custom_1664448905026{margin-top: 5% !important;}&#8221;][vc_column][\/vc_column][\/vc_row]<\/p>\n","protected":false},"excerpt":{"rendered":"<p>[vc_row full_width=&#8221;stretch_row_content_no_spaces&#8221; full_height=&#8221;yes&#8221; css=&#8221;.vc_custom_1681985109373{background-image: url(https:\/\/drdashop.com\/wp-content\/uploads\/2023\/04\/header-metaverse-museum-drda-art-07.jpg?id=4529) !important;background-position: center !important;background-repeat: no-repeat !important;background-size: cover !important;}&#8221;][vc_column width=&#8221;1\/4&#8243;][\/vc_column][vc_column width=&#8221;1\/2&#8243;][vc_row_inner][vc_column_inner offset=&#8221;vc_hidden-md&#8230;<\/p>\n","protected":false},"author":1,"featured_media":0,"parent":0,"menu_order":0,"comment_status":"closed","ping_status":"closed","template":"","meta":{"footnotes":""},"class_list":["post-4503","page","type-page","status-publish","hentry"],"yoast_head":"<!-- This site is optimized with the Yoast SEO plugin v27.1.1 - https:\/\/yoast.com\/product\/yoast-seo-wordpress\/ -->\n<title>Metaverso Museo - DRDA Art<\/title>\n<meta name=\"description\" content=\"Dive into an immersive experience that will take you into the realms of diversity\" \/>\n<meta name=\"robots\" content=\"index, follow, max-snippet:-1, max-image-preview:large, max-video-preview:-1\" \/>\n<link rel=\"canonical\" href=\"https:\/\/drdashop.com\/es\/metaverso-museo\/\" \/>\n<meta property=\"og:locale\" content=\"es_ES\" \/>\n<meta property=\"og:type\" content=\"article\" \/>\n<meta property=\"og:title\" content=\"Metaverso Museo - DRDA Art\" \/>\n<meta property=\"og:description\" content=\"Dive into an immersive experience that will take you into the realms of diversity\" \/>\n<meta property=\"og:url\" content=\"https:\/\/drdashop.com\/es\/metaverso-museo\/\" \/>\n<meta property=\"og:site_name\" content=\"DRDA Art\" \/>\n<meta property=\"article:modified_time\" content=\"2023-04-20T14:08:29+00:00\" \/>\n<meta name=\"twitter:label1\" content=\"Tiempo de lectura\" \/>\n\t<meta name=\"twitter:data1\" content=\"6 minutos\" \/>\n<script type=\"application\/ld+json\" class=\"yoast-schema-graph\">{\"@context\":\"https:\/\/schema.org\",\"@graph\":[{\"@type\":\"WebPage\",\"@id\":\"https:\/\/drdashop.com\/es\/metaverso-museo\/\",\"url\":\"https:\/\/drdashop.com\/es\/metaverso-museo\/\",\"name\":\"Metaverso Museo - DRDA Art\",\"isPartOf\":{\"@id\":\"https:\/\/drdashop.com\/#website\"},\"datePublished\":\"2023-04-20T09:55:46+00:00\",\"dateModified\":\"2023-04-20T14:08:29+00:00\",\"description\":\"Dive into an immersive experience that will take you into the realms of diversity\",\"breadcrumb\":{\"@id\":\"https:\/\/drdashop.com\/es\/metaverso-museo\/#breadcrumb\"},\"inLanguage\":\"es\",\"potentialAction\":[{\"@type\":\"ReadAction\",\"target\":[\"https:\/\/drdashop.com\/es\/metaverso-museo\/\"]}]},{\"@type\":\"BreadcrumbList\",\"@id\":\"https:\/\/drdashop.com\/es\/metaverso-museo\/#breadcrumb\",\"itemListElement\":[{\"@type\":\"ListItem\",\"position\":1,\"name\":\"Home\",\"item\":\"https:\/\/drdashop.com\/es\/\"},{\"@type\":\"ListItem\",\"position\":2,\"name\":\"Metaverso Museo\"}]},{\"@type\":\"WebSite\",\"@id\":\"https:\/\/drdashop.com\/#website\",\"url\":\"https:\/\/drdashop.com\/\",\"name\":\"DRDA Art\",\"description\":\"We Speak Art. EST. 1989\",\"potentialAction\":[{\"@type\":\"SearchAction\",\"target\":{\"@type\":\"EntryPoint\",\"urlTemplate\":\"https:\/\/drdashop.com\/?s={search_term_string}\"},\"query-input\":{\"@type\":\"PropertyValueSpecification\",\"valueRequired\":true,\"valueName\":\"search_term_string\"}}],\"inLanguage\":\"es\"}]}<\/script>\n<!-- \/ Yoast SEO plugin. -->","yoast_head_json":{"title":"Metaverso Museo - DRDA Art","description":"Dive into an immersive experience that will take you into the realms of diversity","robots":{"index":"index","follow":"follow","max-snippet":"max-snippet:-1","max-image-preview":"max-image-preview:large","max-video-preview":"max-video-preview:-1"},"canonical":"https:\/\/drdashop.com\/es\/metaverso-museo\/","og_locale":"es_ES","og_type":"article","og_title":"Metaverso Museo - DRDA Art","og_description":"Dive into an immersive experience that will take you into the realms of diversity","og_url":"https:\/\/drdashop.com\/es\/metaverso-museo\/","og_site_name":"DRDA Art","article_modified_time":"2023-04-20T14:08:29+00:00","twitter_misc":{"Tiempo de lectura":"6 minutos"},"schema":{"@context":"https:\/\/schema.org","@graph":[{"@type":"WebPage","@id":"https:\/\/drdashop.com\/es\/metaverso-museo\/","url":"https:\/\/drdashop.com\/es\/metaverso-museo\/","name":"Metaverso Museo - DRDA Art","isPartOf":{"@id":"https:\/\/drdashop.com\/#website"},"datePublished":"2023-04-20T09:55:46+00:00","dateModified":"2023-04-20T14:08:29+00:00","description":"Dive into an immersive experience that will take you into the realms of diversity","breadcrumb":{"@id":"https:\/\/drdashop.com\/es\/metaverso-museo\/#breadcrumb"},"inLanguage":"es","potentialAction":[{"@type":"ReadAction","target":["https:\/\/drdashop.com\/es\/metaverso-museo\/"]}]},{"@type":"BreadcrumbList","@id":"https:\/\/drdashop.com\/es\/metaverso-museo\/#breadcrumb","itemListElement":[{"@type":"ListItem","position":1,"name":"Home","item":"https:\/\/drdashop.com\/es\/"},{"@type":"ListItem","position":2,"name":"Metaverso Museo"}]},{"@type":"WebSite","@id":"https:\/\/drdashop.com\/#website","url":"https:\/\/drdashop.com\/","name":"DRDA Art","description":"We Speak Art. EST. 1989","potentialAction":[{"@type":"SearchAction","target":{"@type":"EntryPoint","urlTemplate":"https:\/\/drdashop.com\/?s={search_term_string}"},"query-input":{"@type":"PropertyValueSpecification","valueRequired":true,"valueName":"search_term_string"}}],"inLanguage":"es"}]}},"_links":{"self":[{"href":"https:\/\/drdashop.com\/es\/wp-json\/wp\/v2\/pages\/4503","targetHints":{"allow":["GET"]}}],"collection":[{"href":"https:\/\/drdashop.com\/es\/wp-json\/wp\/v2\/pages"}],"about":[{"href":"https:\/\/drdashop.com\/es\/wp-json\/wp\/v2\/types\/page"}],"author":[{"embeddable":true,"href":"https:\/\/drdashop.com\/es\/wp-json\/wp\/v2\/users\/1"}],"replies":[{"embeddable":true,"href":"https:\/\/drdashop.com\/es\/wp-json\/wp\/v2\/comments?post=4503"}],"version-history":[{"count":24,"href":"https:\/\/drdashop.com\/es\/wp-json\/wp\/v2\/pages\/4503\/revisions"}],"predecessor-version":[{"id":4619,"href":"https:\/\/drdashop.com\/es\/wp-json\/wp\/v2\/pages\/4503\/revisions\/4619"}],"wp:attachment":[{"href":"https:\/\/drdashop.com\/es\/wp-json\/wp\/v2\/media?parent=4503"}],"curies":[{"name":"wp","href":"https:\/\/api.w.org\/{rel}","templated":true}]}}