{"id":3370,"date":"2022-09-27T14:20:58","date_gmt":"2022-09-27T14:20:58","guid":{"rendered":"https:\/\/drdashop.com\/?page_id=3370"},"modified":"2023-04-20T10:46:41","modified_gmt":"2023-04-20T10:46:41","slug":"metaverso","status":"publish","type":"page","link":"https:\/\/drdashop.com\/es\/metaverso\/","title":{"rendered":"Metaverso"},"content":{"rendered":"<p>[vc_row full_width=&#8221;stretch_row_content_no_spaces&#8221; full_height=&#8221;yes&#8221; css=&#8221;.vc_custom_1663933380605{background-image: url(https:\/\/drdashop.com\/wp-content\/uploads\/2022\/09\/header-metaverse-museum-drda-art-02-scaled.jpg?id=3336) !important;background-position: center !important;background-repeat: no-repeat !important;background-size: cover !important;}&#8221;][vc_column width=&#8221;1\/4&#8243;][\/vc_column][vc_column width=&#8221;1\/2&#8243;][vc_column_text]<\/p>\n<p style=\"text-align: center; color: #ffffff; font-size: 100px; line-height: 100%;\"><strong>El Futuro<br \/>\ndel Futuro<\/strong><\/p>\n<p>[\/vc_column_text][\/vc_column][vc_column width=&#8221;1\/4&#8243;][\/vc_column][\/vc_row][vc_row full_width=&#8221;stretch_row_content_no_spaces&#8221; equal_height=&#8221;yes&#8221; content_placement=&#8221;middle&#8221;][vc_column width=&#8221;1\/2&#8243; css=&#8221;.vc_custom_1664448547377{background-image: url(https:\/\/drdashop.com\/wp-content\/uploads\/2022\/09\/metaverse-museum-drda-art-02-scaled.jpg?id=3347) !important;background-position: center !important;background-repeat: no-repeat !important;background-size: cover !important;}&#8221; offset=&#8221;vc_hidden-md vc_hidden-sm vc_hidden-xs&#8221;][\/vc_column][vc_column width=&#8221;1\/2&#8243; css=&#8221;.vc_custom_1664439637480{padding-top: 10% !important;padding-right: 15% !important;padding-bottom: 10% !important;padding-left: 15% !important;}&#8221; offset=&#8221;vc_hidden-md vc_hidden-sm vc_hidden-xs&#8221;]<h2 class=\"shortcode_title secondary_font \" style=\"font-size:100px;text-align:left;color:#0a0a0a;\" >01<\/h2>[vc_column_text]<\/p>\n<h2>DRDA Art<br \/>\nMuseo en el Metaverso<\/h2>\n<p><span style=\"color: #808080;\">Sum\u00e9rgete en el primer museo del Metaverso dedicado a explorar los reinos de la diversidad, celebrar la individualidad y descubrir la verdadera relevancia de la diversidad y el respeto con arte. Se puede acceder desde dispositivos VR, navegador web o dispositivos m\u00f3viles.<\/span>[\/vc_column_text][vc_column_text]<span style=\"color: #808080;\">Suscr\u00edbete para recibir acceso prioritario a eventos, exposiciones y mucho m\u00e1s. <a href=\"https:\/\/drdaart.us10.list-manage.com\/subscribe?u=81ea21f5f5acec9e10971c4ea&amp;id=a619061d57\" target=\"_blank\" rel=\"noopener\">Suscribirme.<\/a><\/span>[\/vc_column_text][vc_btn title=&#8221;C\u00f3mo entrar&#8221; style=&#8221;outline&#8221; shape=&#8221;square&#8221; color=&#8221;black&#8221; size=&#8221;sm&#8221; align=&#8221;left&#8221; link=&#8221;url:https%3A%2F%2Fdrdashop.com%2Fes%2Fmetaverso-museo%2F|||&#8221;][\/vc_column][\/vc_row][vc_row full_width=&#8221;stretch_row_content_no_spaces&#8221; equal_height=&#8221;yes&#8221; content_placement=&#8221;middle&#8221;][vc_column width=&#8221;1\/2&#8243; css=&#8221;.vc_custom_1664448609613{background-image: url(https:\/\/drdashop.com\/wp-content\/uploads\/2022\/09\/metaverse-museum-drda-art-mobile-01.jpg?id=3425) !important;background-position: center !important;background-repeat: no-repeat !important;background-size: cover !important;}&#8221; offset=&#8221;vc_hidden-lg vc_hidden-xs&#8221;][\/vc_column][vc_column width=&#8221;1\/2&#8243; css=&#8221;.vc_custom_1664439665614{padding-top: 10% !important;padding-right: 15% !important;padding-bottom: 10% !important;padding-left: 15% !important;}&#8221; offset=&#8221;vc_hidden-lg vc_hidden-xs&#8221;]<h2 class=\"shortcode_title secondary_font \" style=\"font-size:100px;text-align:left;color:#0a0a0a;\" >01<\/h2>[vc_column_text]<\/p>\n<h2>DRDA Art<br \/>\nMuseo en el Metaverso<\/h2>\n<p><span style=\"color: #808080;\">Sum\u00e9rgete en el primer museo del Metaverso dedicado a explorar los reinos de la diversidad, celebrar la individualidad y descubrir la verdadera relevancia de la diversidad y el respeto con arte. Se puede acceder desde dispositivos VR, navegador web o dispositivos m\u00f3viles.<\/span>[\/vc_column_text][vc_column_text]<span style=\"color: #808080;\">Suscr\u00edbete para recibir acceso prioritario a eventos, exposiciones y mucho m\u00e1s. <a href=\"https:\/\/drdaart.us10.list-manage.com\/subscribe?u=81ea21f5f5acec9e10971c4ea&amp;id=a619061d57\" target=\"_blank\" rel=\"noopener\">Suscribirme.<\/a><\/span>[\/vc_column_text][vc_btn title=&#8221;C\u00f3mo entrar&#8221; style=&#8221;outline&#8221; shape=&#8221;square&#8221; color=&#8221;black&#8221; size=&#8221;sm&#8221; align=&#8221;left&#8221; link=&#8221;url:https%3A%2F%2Fdrdashop.com%2Fes%2Fmetaverso-museo%2F|||&#8221;][\/vc_column][\/vc_row][vc_row full_width=&#8221;stretch_row_content_no_spaces&#8221; equal_height=&#8221;yes&#8221; content_placement=&#8221;middle&#8221;][vc_column width=&#8221;1\/2&#8243; css=&#8221;.vc_custom_1664439700891{padding-top: 10% !important;padding-right: 15% !important;padding-bottom: 10% !important;padding-left: 15% !important;}&#8221; offset=&#8221;vc_hidden-lg vc_hidden-md vc_hidden-sm&#8221;][vc_column_text]<\/p>\n<p style=\"text-align: left; font-size: 75px;\"><strong>01<\/strong><\/p>\n<p>[\/vc_column_text][vc_column_text]<\/p>\n<h2>DRDA Art<br \/>\nMuseo en el Metaverso<\/h2>\n<p><span style=\"color: #808080;\">Sum\u00e9rgete en el primer museo del Metaverso dedicado a explorar los reinos de la diversidad, celebrar la individualidad y descubrir la verdadera relevancia de la diversidad y el respeto con arte. Se puede acceder desde dispositivos VR, navegador web o dispositivos m\u00f3viles.<\/span>[\/vc_column_text][vc_column_text]<span style=\"color: #808080;\">Suscr\u00edbete para recibir acceso prioritario a eventos, exposiciones y mucho m\u00e1s. <a href=\"https:\/\/drdaart.us10.list-manage.com\/subscribe?u=81ea21f5f5acec9e10971c4ea&amp;id=a619061d57\" target=\"_blank\" rel=\"noopener\">Suscribirme.<\/a><\/span>[\/vc_column_text][vc_btn title=&#8221;C\u00f3mo entrar&#8221; style=&#8221;outline&#8221; shape=&#8221;square&#8221; color=&#8221;black&#8221; size=&#8221;sm&#8221; align=&#8221;left&#8221; link=&#8221;url:https%3A%2F%2Fdrdashop.com%2Fes%2Fmetaverso-museo%2F|||&#8221;][\/vc_column][vc_column width=&#8221;1\/2&#8243; offset=&#8221;vc_hidden-lg vc_hidden-md vc_hidden-sm&#8221;][vc_single_image image=&#8221;3434&#8243; img_size=&#8221;large&#8221; alignment=&#8221;center&#8221;][\/vc_column][\/vc_row][vc_row full_width=&#8221;stretch_row_content_no_spaces&#8221; equal_height=&#8221;yes&#8221; content_placement=&#8221;middle&#8221;][vc_column width=&#8221;1\/2&#8243; css=&#8221;.vc_custom_1664447958504{padding-top: 10% !important;padding-right: 15% !important;padding-bottom: 10% !important;padding-left: 15% !important;}&#8221; offset=&#8221;vc_hidden-md vc_hidden-sm vc_hidden-xs&#8221;]<h2 class=\"shortcode_title secondary_font \" style=\"font-size:100px;text-align:right;color:#0a0a0a;\" >02<\/h2>[vc_column_text]<\/p>\n<h2 style=\"text-align: right;\">Love &amp; Diversity<br \/>\nExposici\u00f3n en el Metaverso<\/h2>\n<p style=\"text-align: right;\"><span style=\"color: #808080;\">\u00danete a la primera exposici\u00f3n en el metaverso dedicado a la diversidad, el respeto y el amor libre.<\/span><\/p>\n<p>[\/vc_column_text][vc_btn title=&#8221;Entrar&#8221; style=&#8221;outline&#8221; shape=&#8221;square&#8221; color=&#8221;black&#8221; size=&#8221;sm&#8221; align=&#8221;right&#8221; link=&#8221;url:https%3A%2F%2Fspatial.io%2Fs%2FLove-and-Diversity-6203a43b7d4a2800011b2277%3Fshare%3D3786159813205711576|target:%20_blank|&#8221;][\/vc_column][vc_column width=&#8221;1\/2&#8243; css=&#8221;.vc_custom_1664447948670{background-image: url(https:\/\/drdashop.com\/wp-content\/uploads\/2022\/09\/metaverse-love-diversity-drda-art-023.gif?id=3324) !important;background-position: center !important;background-repeat: no-repeat !important;background-size: cover !important;}&#8221; offset=&#8221;vc_hidden-md vc_hidden-sm vc_hidden-xs&#8221;][\/vc_column][\/vc_row][vc_row full_width=&#8221;stretch_row_content_no_spaces&#8221; equal_height=&#8221;yes&#8221; content_placement=&#8221;middle&#8221;][vc_column width=&#8221;1\/2&#8243; css=&#8221;.vc_custom_1664447984342{padding-top: 10% !important;padding-right: 15% !important;padding-bottom: 10% !important;padding-left: 15% !important;}&#8221; offset=&#8221;vc_hidden-lg vc_hidden-xs&#8221;]<h2 class=\"shortcode_title secondary_font \" style=\"font-size:100px;text-align:right;color:#0a0a0a;\" >02<\/h2>[vc_column_text]<\/p>\n<h2 style=\"text-align: right;\">Love &amp; Diversity<br \/>\nExposici\u00f3n en el Metaverso<\/h2>\n<p style=\"text-align: right;\"><span style=\"color: #808080;\">\u00danete a la primera exposici\u00f3n en el metaverso dedicado a la diversidad, el respeto y el amor libre.<\/span><\/p>\n<p>[\/vc_column_text][vc_btn title=&#8221;Entrar&#8221; style=&#8221;outline&#8221; shape=&#8221;square&#8221; color=&#8221;black&#8221; size=&#8221;sm&#8221; align=&#8221;right&#8221; link=&#8221;url:https%3A%2F%2Fspatial.io%2Fs%2FLove-and-Diversity-6203a43b7d4a2800011b2277%3Fshare%3D3786159813205711576|target:%20_blank|&#8221;][\/vc_column][vc_column width=&#8221;1\/2&#8243; css=&#8221;.vc_custom_1664448138217{background-image: url(https:\/\/drdashop.com\/wp-content\/uploads\/2022\/09\/metaverse-love-diversity-drda-art-gif-mobile-01.gif?id=3439) !important;background-position: center !important;background-repeat: no-repeat !important;background-size: cover !important;}&#8221; offset=&#8221;vc_hidden-lg vc_hidden-xs&#8221;][\/vc_column][\/vc_row][vc_row full_width=&#8221;stretch_row_content_no_spaces&#8221; equal_height=&#8221;yes&#8221; content_placement=&#8221;middle&#8221;][vc_column width=&#8221;1\/2&#8243; css=&#8221;.vc_custom_1664448006098{padding-top: 10% !important;padding-right: 15% !important;padding-bottom: 10% !important;padding-left: 15% !important;}&#8221; offset=&#8221;vc_hidden-lg vc_hidden-md vc_hidden-sm&#8221;][vc_column_text]<\/p>\n<p style=\"text-align: right; font-size: 75px;\"><strong>02<\/strong><\/p>\n<p>[\/vc_column_text][vc_column_text]<\/p>\n<h2 style=\"text-align: right;\">Love &amp; Diversity<br \/>\nExposici\u00f3n en el Metaverso<\/h2>\n<p style=\"text-align: right;\"><span style=\"color: #808080;\">\u00danete a la primera exposici\u00f3n en el metaverso dedicado a la diversidad, el respeto y el amor libre.<\/span><\/p>\n<p>[\/vc_column_text][vc_btn title=&#8221;Entrar&#8221; style=&#8221;outline&#8221; shape=&#8221;square&#8221; color=&#8221;black&#8221; size=&#8221;sm&#8221; align=&#8221;right&#8221; link=&#8221;url:https%3A%2F%2Fspatial.io%2Fs%2FLove-and-Diversity-6203a43b7d4a2800011b2277%3Fshare%3D3786159813205711576|target:%20_blank|&#8221;][\/vc_column][vc_column width=&#8221;1\/2&#8243; css=&#8221;.vc_custom_1664448076940{background-position: center !important;background-repeat: no-repeat !important;background-size: cover !important;}&#8221; offset=&#8221;vc_hidden-lg vc_hidden-md vc_hidden-sm&#8221;][vc_single_image image=&#8221;3439&#8243; img_size=&#8221;large&#8221; alignment=&#8221;center&#8221;][\/vc_column][\/vc_row][vc_row full_width=&#8221;stretch_row_content_no_spaces&#8221;][vc_column offset=&#8221;vc_hidden-md vc_hidden-sm vc_hidden-xs&#8221;][vc_row_inner][vc_column_inner width=&#8221;1\/3&#8243;][\/vc_column_inner][vc_column_inner width=&#8221;1\/3&#8243; css=&#8221;.vc_custom_1665135448519{padding-top: 10% !important;}&#8221;][vc_column_text]<\/p>\n<h2 style=\"text-align: center;\">Salvador Dal\u00ed<\/h2>\n<p style=\"text-align: center;\"><span style=\"color: #808080;\">Hace m\u00e1s de 50 a\u00f1os, Salvador Dal\u00ed vaticin\u00f3 que \u00abtodo el mundo tendr\u00e1 la oportunidad de aprovechar las &#8220;ventajas&#8221; de las complejas m\u00e1quinas de so\u00f1ar. Dentro de ellas, el sujeto quedar\u00e1 sorprendido por las sensaciones cotidianas y mundanas. Los sue\u00f1os surrealistas correr\u00e1n desenfrenadamente por su mente. Seis minutos al d\u00eda en una m\u00e1quina de so\u00f1ar, y &#8220;nacer\u00e1 una peque\u00f1a fantas\u00eda en su alma&#8221;\u00bb.<\/span><\/p>\n<p>[\/vc_column_text][\/vc_column_inner][vc_column_inner width=&#8221;1\/3&#8243;][\/vc_column_inner][\/vc_row_inner][\/vc_column][\/vc_row][vc_row][vc_column offset=&#8221;vc_hidden-lg&#8221; css=&#8221;.vc_custom_1665135570152{margin-top: 10% !important;}&#8221;][vc_row_inner][vc_column_inner css=&#8221;.vc_custom_1665135600398{padding-right: 10% !important;padding-left: 10% !important;}&#8221;][vc_column_text]<\/p>\n<h2 style=\"text-align: center;\">Salvador Dal\u00ed<\/h2>\n<p style=\"text-align: center;\"><span style=\"color: #808080;\">Hace m\u00e1s de 50 a\u00f1os, Salvador Dal\u00ed vaticin\u00f3 que \u00abtodo el mundo tendr\u00e1 la oportunidad de aprovechar las &#8220;ventajas&#8221; de las complejas m\u00e1quinas de so\u00f1ar. Dentro de ellas, el sujeto quedar\u00e1 sorprendido por las sensaciones cotidianas y mundanas. Los sue\u00f1os surrealistas correr\u00e1n desenfrenadamente por su mente. Seis minutos al d\u00eda en una m\u00e1quina de so\u00f1ar, y &#8220;nacer\u00e1 una peque\u00f1a fantas\u00eda en su alma&#8221;\u00bb.<\/span><\/p>\n<p>[\/vc_column_text][\/vc_column_inner][\/vc_row_inner][\/vc_column][\/vc_row][vc_row css=&#8221;.vc_custom_1664448982187{margin-top: 5% !important;}&#8221;][vc_column][\/vc_column][\/vc_row]<\/p>\n","protected":false},"excerpt":{"rendered":"<p>[vc_row full_width=&#8221;stretch_row_content_no_spaces&#8221; full_height=&#8221;yes&#8221; css=&#8221;.vc_custom_1663933380605{background-image: url(https:\/\/drdashop.com\/wp-content\/uploads\/2022\/09\/header-metaverse-museum-drda-art-02-scaled.jpg?id=3336) !important;background-position: center !important;background-repeat: no-repeat !important;background-size: cover !important;}&#8221;][vc_column width=&#8221;1\/4&#8243;][\/vc_column][vc_column width=&#8221;1\/2&#8243;][vc_column_text] El&#8230;<\/p>\n","protected":false},"author":1,"featured_media":0,"parent":0,"menu_order":0,"comment_status":"closed","ping_status":"closed","template":"","meta":{"footnotes":""},"class_list":["post-3370","page","type-page","status-publish","hentry"],"yoast_head":"<!-- This site is optimized with the Yoast SEO plugin v27.1.1 - https:\/\/yoast.com\/product\/yoast-seo-wordpress\/ -->\n<title>Metaverso - DRDA Art<\/title>\n<meta name=\"description\" content=\"Sum\u00e9rgete en una experiencia inmersiva que te llevar\u00e1 por los reinos de la diversidad\" \/>\n<meta name=\"robots\" content=\"index, follow, max-snippet:-1, max-image-preview:large, max-video-preview:-1\" \/>\n<link rel=\"canonical\" href=\"https:\/\/drdashop.com\/es\/metaverso\/\" \/>\n<meta property=\"og:locale\" content=\"es_ES\" \/>\n<meta property=\"og:type\" content=\"article\" \/>\n<meta property=\"og:title\" content=\"Metaverso - DRDA Art\" \/>\n<meta property=\"og:description\" content=\"Sum\u00e9rgete en una experiencia inmersiva que te llevar\u00e1 por los reinos de la diversidad\" \/>\n<meta property=\"og:url\" content=\"https:\/\/drdashop.com\/es\/metaverso\/\" \/>\n<meta property=\"og:site_name\" content=\"DRDA Art\" \/>\n<meta property=\"article:modified_time\" content=\"2023-04-20T10:46:41+00:00\" \/>\n<meta name=\"twitter:label1\" content=\"Tiempo de lectura\" \/>\n\t<meta name=\"twitter:data1\" content=\"3 minutos\" \/>\n<script type=\"application\/ld+json\" class=\"yoast-schema-graph\">{\"@context\":\"https:\/\/schema.org\",\"@graph\":[{\"@type\":\"WebPage\",\"@id\":\"https:\/\/drdashop.com\/es\/metaverso\/\",\"url\":\"https:\/\/drdashop.com\/es\/metaverso\/\",\"name\":\"Metaverso - DRDA Art\",\"isPartOf\":{\"@id\":\"https:\/\/drdashop.com\/#website\"},\"datePublished\":\"2022-09-27T14:20:58+00:00\",\"dateModified\":\"2023-04-20T10:46:41+00:00\",\"description\":\"Sum\u00e9rgete en una experiencia inmersiva que te llevar\u00e1 por los reinos de la diversidad\",\"breadcrumb\":{\"@id\":\"https:\/\/drdashop.com\/es\/metaverso\/#breadcrumb\"},\"inLanguage\":\"es\",\"potentialAction\":[{\"@type\":\"ReadAction\",\"target\":[\"https:\/\/drdashop.com\/es\/metaverso\/\"]}]},{\"@type\":\"BreadcrumbList\",\"@id\":\"https:\/\/drdashop.com\/es\/metaverso\/#breadcrumb\",\"itemListElement\":[{\"@type\":\"ListItem\",\"position\":1,\"name\":\"Home\",\"item\":\"https:\/\/drdashop.com\/es\/\"},{\"@type\":\"ListItem\",\"position\":2,\"name\":\"Metaverso\"}]},{\"@type\":\"WebSite\",\"@id\":\"https:\/\/drdashop.com\/#website\",\"url\":\"https:\/\/drdashop.com\/\",\"name\":\"DRDA Art\",\"description\":\"We Speak Art. EST. 1989\",\"potentialAction\":[{\"@type\":\"SearchAction\",\"target\":{\"@type\":\"EntryPoint\",\"urlTemplate\":\"https:\/\/drdashop.com\/?s={search_term_string}\"},\"query-input\":{\"@type\":\"PropertyValueSpecification\",\"valueRequired\":true,\"valueName\":\"search_term_string\"}}],\"inLanguage\":\"es\"}]}<\/script>\n<!-- \/ Yoast SEO plugin. -->","yoast_head_json":{"title":"Metaverso - DRDA Art","description":"Sum\u00e9rgete en una experiencia inmersiva que te llevar\u00e1 por los reinos de la diversidad","robots":{"index":"index","follow":"follow","max-snippet":"max-snippet:-1","max-image-preview":"max-image-preview:large","max-video-preview":"max-video-preview:-1"},"canonical":"https:\/\/drdashop.com\/es\/metaverso\/","og_locale":"es_ES","og_type":"article","og_title":"Metaverso - DRDA Art","og_description":"Sum\u00e9rgete en una experiencia inmersiva que te llevar\u00e1 por los reinos de la diversidad","og_url":"https:\/\/drdashop.com\/es\/metaverso\/","og_site_name":"DRDA Art","article_modified_time":"2023-04-20T10:46:41+00:00","twitter_misc":{"Tiempo de lectura":"3 minutos"},"schema":{"@context":"https:\/\/schema.org","@graph":[{"@type":"WebPage","@id":"https:\/\/drdashop.com\/es\/metaverso\/","url":"https:\/\/drdashop.com\/es\/metaverso\/","name":"Metaverso - DRDA Art","isPartOf":{"@id":"https:\/\/drdashop.com\/#website"},"datePublished":"2022-09-27T14:20:58+00:00","dateModified":"2023-04-20T10:46:41+00:00","description":"Sum\u00e9rgete en una experiencia inmersiva que te llevar\u00e1 por los reinos de la diversidad","breadcrumb":{"@id":"https:\/\/drdashop.com\/es\/metaverso\/#breadcrumb"},"inLanguage":"es","potentialAction":[{"@type":"ReadAction","target":["https:\/\/drdashop.com\/es\/metaverso\/"]}]},{"@type":"BreadcrumbList","@id":"https:\/\/drdashop.com\/es\/metaverso\/#breadcrumb","itemListElement":[{"@type":"ListItem","position":1,"name":"Home","item":"https:\/\/drdashop.com\/es\/"},{"@type":"ListItem","position":2,"name":"Metaverso"}]},{"@type":"WebSite","@id":"https:\/\/drdashop.com\/#website","url":"https:\/\/drdashop.com\/","name":"DRDA Art","description":"We Speak Art. EST. 1989","potentialAction":[{"@type":"SearchAction","target":{"@type":"EntryPoint","urlTemplate":"https:\/\/drdashop.com\/?s={search_term_string}"},"query-input":{"@type":"PropertyValueSpecification","valueRequired":true,"valueName":"search_term_string"}}],"inLanguage":"es"}]}},"_links":{"self":[{"href":"https:\/\/drdashop.com\/es\/wp-json\/wp\/v2\/pages\/3370","targetHints":{"allow":["GET"]}}],"collection":[{"href":"https:\/\/drdashop.com\/es\/wp-json\/wp\/v2\/pages"}],"about":[{"href":"https:\/\/drdashop.com\/es\/wp-json\/wp\/v2\/types\/page"}],"author":[{"embeddable":true,"href":"https:\/\/drdashop.com\/es\/wp-json\/wp\/v2\/users\/1"}],"replies":[{"embeddable":true,"href":"https:\/\/drdashop.com\/es\/wp-json\/wp\/v2\/comments?post=3370"}],"version-history":[{"count":24,"href":"https:\/\/drdashop.com\/es\/wp-json\/wp\/v2\/pages\/3370\/revisions"}],"predecessor-version":[{"id":4583,"href":"https:\/\/drdashop.com\/es\/wp-json\/wp\/v2\/pages\/3370\/revisions\/4583"}],"wp:attachment":[{"href":"https:\/\/drdashop.com\/es\/wp-json\/wp\/v2\/media?parent=3370"}],"curies":[{"name":"wp","href":"https:\/\/api.w.org\/{rel}","templated":true}]}}