{"id":2113,"date":"2021-09-19T10:08:32","date_gmt":"2021-09-19T10:08:32","guid":{"rendered":"https:\/\/drdashop.com\/?page_id=2113"},"modified":"2023-11-03T11:44:30","modified_gmt":"2023-11-03T11:44:30","slug":"contacto","status":"publish","type":"page","link":"https:\/\/drdashop.com\/es\/contacto\/","title":{"rendered":"CONTACTO"},"content":{"rendered":"<p>[vc_row full_width=&#8221;stretch_row_content&#8221; css=&#8221;.vc_custom_1658421448378{padding-top: 30% !important;padding-right: 5% !important;padding-bottom: 10% !important;padding-left: 5% !important;background-color: #e8e8e8 !important;}&#8221;][vc_column offset=&#8221;vc_hidden-xs&#8221;][vc_column_text]<\/p>\n<p style=\"text-align: center; font-size: 100px; line-height: 100%; font-family: Arcamajora, Arial;\"><strong>Contacto<\/strong><\/p>\n<p>[\/vc_column_text][vc_column_text css=&#8221;.vc_custom_1698946210879{margin-top: 30px !important;padding-right: 20% !important;padding-left: 20% !important;}&#8221;]<\/p>\n<p style=\"text-align: center;\"><strong>DRDA Art Oficinas y Atelier<\/strong><br \/>\nMuntaner 269 3\u00ba 1\u00aa 08021 Barcelona<\/p>\n<p style=\"text-align: center;\"><strong>Servicio de atenci\u00f3n al cliente<\/strong><br \/>\nNuestro equipo de atenci\u00f3n al cliente est\u00e1 disponible de 09:00-18:00 CET de lunes a viernes, excepto los d\u00edas festivos en Espa\u00f1a. Contacte con nosotros en <a style=\"color: #c51191; font-weight: normal;\" href=\"mailto:customer@drdashop.com\">customer@drdashop.com<\/a> y nos pondremos en contacto con usted en un plazo de 24 horas.<\/p>\n<p style=\"text-align: center;\"><strong>Prensa y Marketing<\/strong><br \/>\n<a style=\"color: #c51191; font-weight: normal;\" href=\"mailto:press@drdashop.com\" target=\"_blank\" rel=\"noopener noreferrer\">press@drdashop.com<\/a><\/p>\n<p style=\"text-align: center;\"><strong>Colaboraciones<\/strong><br \/>\nSi pertenece a un museo, una instituci\u00f3n cultural o una asociaci\u00f3n y le gustar\u00eda colaborar con DRDA Art, env\u00edenos un correo electr\u00f3nico a <a style=\"color: #c51191; font-weight: normal;\" href=\"mailto:partners@drdaart.art\" target=\"_blank\" rel=\"noopener\">partners@drdaart.art<\/a><\/p>\n<p style=\"text-align: center;\"><strong>Colaboraciones Artistas<\/strong><br \/>\nSi desea ser considerado, env\u00ede una muestra de su trabajo.<br \/>\n<a style=\"color: #c51191; font-weight: normal;\" href=\"mailto:artists@drdashop.com\">artists@drdashop.com<\/a><\/p>\n<p>[\/vc_column_text][\/vc_column][\/vc_row][vc_row full_width=&#8221;stretch_row_content&#8221; css=&#8221;.vc_custom_1658422275930{padding-top: 10% !important;padding-right: 5% !important;padding-bottom: 10% !important;padding-left: 5% !important;background-color: #e8e8e8 !important;}&#8221;][vc_column offset=&#8221;vc_hidden-lg vc_hidden-md vc_hidden-sm&#8221;][vc_column_text]<\/p>\n<p style=\"text-align: center; font-size: 60px; line-height: 100%; font-family: Arcamajora, Arial;\"><strong>Contacto<\/strong><\/p>\n<p>[\/vc_column_text][vc_column_text css=&#8221;.vc_custom_1698946241520{margin-top: 30px !important;padding-right: 5% !important;padding-left: 5% !important;}&#8221;]<\/p>\n<p style=\"text-align: center;\"><strong>DRDA Art Oficinas y Atelier<\/strong><br \/>\nMuntaner 269 3\u00ba 1\u00aa 08021 Barcelona<\/p>\n<p style=\"text-align: center;\"><strong>Servicio de atenci\u00f3n al cliente<\/strong><br \/>\nNuestro equipo de atenci\u00f3n al cliente est\u00e1 disponible de 09:00-18:00 CET de lunes a viernes, excepto los d\u00edas festivos en Espa\u00f1a. Contacte con nosotros en <a style=\"color: #c51191; font-weight: normal;\" href=\"mailto:customer@drdashop.com\">customer@drdashop.com<\/a> y nos pondremos en contacto con usted en un plazo de 24 horas.<\/p>\n<p style=\"text-align: center;\"><strong>Prensa y Marketing<\/strong><br \/>\n<a style=\"color: #c51191; font-weight: normal;\" href=\"mailto:press@drdashop.com\" target=\"_blank\" rel=\"noopener noreferrer\">press@drdashop.com<\/a><\/p>\n<p style=\"text-align: center;\"><strong>Colaboraciones<\/strong><br \/>\nSi pertenece a un museo, una instituci\u00f3n cultural o una asociaci\u00f3n y le gustar\u00eda colaborar con DRDA Art, env\u00edenos un correo electr\u00f3nico a <a style=\"color: #c51191; font-weight: normal;\" href=\"mailto:partners@drdaart.art\">partners@drdaart.art<\/a><\/p>\n<p style=\"text-align: center;\"><strong>Colaboraciones Artistas<\/strong><br \/>\nSi desea ser considerado, env\u00ede una muestra de su trabajo.<br \/>\n<a style=\"color: #c51191; font-weight: normal;\" href=\"mailto:artists@drdashop.com\">artists@drdashop.com<\/a><\/p>\n<p>[\/vc_column_text][\/vc_column][\/vc_row][vc_row][vc_column][\/vc_column][\/vc_row]<\/p>\n","protected":false},"excerpt":{"rendered":"<p>[vc_row full_width=&#8221;stretch_row_content&#8221; css=&#8221;.vc_custom_1658421448378{padding-top: 30% !important;padding-right: 5% !important;padding-bottom: 10% !important;padding-left: 5% !important;background-color: #e8e8e8 !important;}&#8221;][vc_column offset=&#8221;vc_hidden-xs&#8221;][vc_column_text] Contacto&#8230;<\/p>\n","protected":false},"author":14,"featured_media":0,"parent":0,"menu_order":0,"comment_status":"closed","ping_status":"closed","template":"","meta":{"footnotes":""},"class_list":["post-2113","page","type-page","status-publish","hentry"],"yoast_head":"<!-- This site is optimized with the Yoast SEO plugin v27.1.1 - https:\/\/yoast.com\/product\/yoast-seo-wordpress\/ -->\n<title>CONTACTO - DRDA Art<\/title>\n<meta name=\"robots\" content=\"index, follow, max-snippet:-1, max-image-preview:large, max-video-preview:-1\" \/>\n<link rel=\"canonical\" href=\"https:\/\/drdashop.com\/es\/contacto\/\" \/>\n<meta property=\"og:locale\" content=\"es_ES\" \/>\n<meta property=\"og:type\" content=\"article\" \/>\n<meta property=\"og:title\" content=\"CONTACTO - DRDA Art\" \/>\n<meta property=\"og:description\" content=\"[vc_row full_width=&#8221;stretch_row_content&#8221; css=&#8221;.vc_custom_1658421448378{padding-top: 30% !important;padding-right: 5% !important;padding-bottom: 10% !important;padding-left: 5% !important;background-color: #e8e8e8 !important;}&#8221;][vc_column offset=&#8221;vc_hidden-xs&#8221;][vc_column_text] Contacto...\" \/>\n<meta property=\"og:url\" content=\"https:\/\/drdashop.com\/es\/contacto\/\" \/>\n<meta property=\"og:site_name\" content=\"DRDA Art\" \/>\n<meta property=\"article:modified_time\" content=\"2023-11-03T11:44:30+00:00\" \/>\n<meta property=\"og:image\" content=\"https:\/\/drdashop.com\/wp-content\/uploads\/2023\/11\/home-drda-art.jpg\" \/>\n\t<meta property=\"og:image:width\" content=\"1920\" \/>\n\t<meta property=\"og:image:height\" content=\"1080\" \/>\n\t<meta property=\"og:image:type\" content=\"image\/jpeg\" \/>\n<meta name=\"twitter:label1\" content=\"Tiempo de lectura\" \/>\n\t<meta name=\"twitter:data1\" content=\"2 minutos\" \/>\n<script type=\"application\/ld+json\" class=\"yoast-schema-graph\">{\"@context\":\"https:\/\/schema.org\",\"@graph\":[{\"@type\":\"WebPage\",\"@id\":\"https:\/\/drdashop.com\/es\/contacto\/\",\"url\":\"https:\/\/drdashop.com\/es\/contacto\/\",\"name\":\"CONTACTO - DRDA Art\",\"isPartOf\":{\"@id\":\"https:\/\/drdashop.com\/#website\"},\"datePublished\":\"2021-09-19T10:08:32+00:00\",\"dateModified\":\"2023-11-03T11:44:30+00:00\",\"breadcrumb\":{\"@id\":\"https:\/\/drdashop.com\/es\/contacto\/#breadcrumb\"},\"inLanguage\":\"es\",\"potentialAction\":[{\"@type\":\"ReadAction\",\"target\":[\"https:\/\/drdashop.com\/es\/contacto\/\"]}]},{\"@type\":\"BreadcrumbList\",\"@id\":\"https:\/\/drdashop.com\/es\/contacto\/#breadcrumb\",\"itemListElement\":[{\"@type\":\"ListItem\",\"position\":1,\"name\":\"Home\",\"item\":\"https:\/\/drdashop.com\/es\/\"},{\"@type\":\"ListItem\",\"position\":2,\"name\":\"CONTACTO\"}]},{\"@type\":\"WebSite\",\"@id\":\"https:\/\/drdashop.com\/#website\",\"url\":\"https:\/\/drdashop.com\/\",\"name\":\"DRDA Art\",\"description\":\"We Speak Art. EST. 1989\",\"potentialAction\":[{\"@type\":\"SearchAction\",\"target\":{\"@type\":\"EntryPoint\",\"urlTemplate\":\"https:\/\/drdashop.com\/?s={search_term_string}\"},\"query-input\":{\"@type\":\"PropertyValueSpecification\",\"valueRequired\":true,\"valueName\":\"search_term_string\"}}],\"inLanguage\":\"es\"}]}<\/script>\n<!-- \/ Yoast SEO plugin. -->","yoast_head_json":{"title":"CONTACTO - DRDA Art","robots":{"index":"index","follow":"follow","max-snippet":"max-snippet:-1","max-image-preview":"max-image-preview:large","max-video-preview":"max-video-preview:-1"},"canonical":"https:\/\/drdashop.com\/es\/contacto\/","og_locale":"es_ES","og_type":"article","og_title":"CONTACTO - DRDA Art","og_description":"[vc_row full_width=&#8221;stretch_row_content&#8221; css=&#8221;.vc_custom_1658421448378{padding-top: 30% !important;padding-right: 5% !important;padding-bottom: 10% !important;padding-left: 5% !important;background-color: #e8e8e8 !important;}&#8221;][vc_column offset=&#8221;vc_hidden-xs&#8221;][vc_column_text] Contacto...","og_url":"https:\/\/drdashop.com\/es\/contacto\/","og_site_name":"DRDA Art","article_modified_time":"2023-11-03T11:44:30+00:00","og_image":[{"width":1920,"height":1080,"url":"https:\/\/drdashop.com\/wp-content\/uploads\/2023\/11\/home-drda-art.jpg","type":"image\/jpeg"}],"twitter_misc":{"Tiempo de lectura":"2 minutos"},"schema":{"@context":"https:\/\/schema.org","@graph":[{"@type":"WebPage","@id":"https:\/\/drdashop.com\/es\/contacto\/","url":"https:\/\/drdashop.com\/es\/contacto\/","name":"CONTACTO - DRDA Art","isPartOf":{"@id":"https:\/\/drdashop.com\/#website"},"datePublished":"2021-09-19T10:08:32+00:00","dateModified":"2023-11-03T11:44:30+00:00","breadcrumb":{"@id":"https:\/\/drdashop.com\/es\/contacto\/#breadcrumb"},"inLanguage":"es","potentialAction":[{"@type":"ReadAction","target":["https:\/\/drdashop.com\/es\/contacto\/"]}]},{"@type":"BreadcrumbList","@id":"https:\/\/drdashop.com\/es\/contacto\/#breadcrumb","itemListElement":[{"@type":"ListItem","position":1,"name":"Home","item":"https:\/\/drdashop.com\/es\/"},{"@type":"ListItem","position":2,"name":"CONTACTO"}]},{"@type":"WebSite","@id":"https:\/\/drdashop.com\/#website","url":"https:\/\/drdashop.com\/","name":"DRDA Art","description":"We Speak Art. EST. 1989","potentialAction":[{"@type":"SearchAction","target":{"@type":"EntryPoint","urlTemplate":"https:\/\/drdashop.com\/?s={search_term_string}"},"query-input":{"@type":"PropertyValueSpecification","valueRequired":true,"valueName":"search_term_string"}}],"inLanguage":"es"}]}},"_links":{"self":[{"href":"https:\/\/drdashop.com\/es\/wp-json\/wp\/v2\/pages\/2113","targetHints":{"allow":["GET"]}}],"collection":[{"href":"https:\/\/drdashop.com\/es\/wp-json\/wp\/v2\/pages"}],"about":[{"href":"https:\/\/drdashop.com\/es\/wp-json\/wp\/v2\/types\/page"}],"author":[{"embeddable":true,"href":"https:\/\/drdashop.com\/es\/wp-json\/wp\/v2\/users\/14"}],"replies":[{"embeddable":true,"href":"https:\/\/drdashop.com\/es\/wp-json\/wp\/v2\/comments?post=2113"}],"version-history":[{"count":16,"href":"https:\/\/drdashop.com\/es\/wp-json\/wp\/v2\/pages\/2113\/revisions"}],"predecessor-version":[{"id":6011,"href":"https:\/\/drdashop.com\/es\/wp-json\/wp\/v2\/pages\/2113\/revisions\/6011"}],"wp:attachment":[{"href":"https:\/\/drdashop.com\/es\/wp-json\/wp\/v2\/media?parent=2113"}],"curies":[{"name":"wp","href":"https:\/\/api.w.org\/{rel}","templated":true}]}}