{"id":2103,"date":"2021-09-19T09:57:53","date_gmt":"2021-09-19T09:57:53","guid":{"rendered":"https:\/\/drdashop.com\/?page_id=2103"},"modified":"2023-11-03T11:46:14","modified_gmt":"2023-11-03T11:46:14","slug":"sobre-nosotros","status":"publish","type":"page","link":"https:\/\/drdashop.com\/es\/sobre-nosotros\/","title":{"rendered":"SOBRE NOSOTROS"},"content":{"rendered":"<p>[vc_row full_width=&#8221;stretch_row_content&#8221; full_height=&#8221;yes&#8221; css=&#8221;.vc_custom_1598621185937{margin-bottom: 0px !important;padding-top: 150px !important;padding-bottom: 150px !important;background-image: url(https:\/\/drdashop.com\/wp-content\/uploads\/2020\/08\/header-about-us-drda-art-03.jpg?id=1564) !important;background-position: center !important;background-repeat: no-repeat !important;background-size: cover !important;}&#8221;][vc_column][\/vc_column][\/vc_row][vc_row full_width=&#8221;stretch_row_content&#8221; css=&#8221;.vc_custom_1658501234744{padding-top: 10% !important;background-color: #d5e1f7 !important;}&#8221;][vc_column offset=&#8221;vc_hidden-xs&#8221; css=&#8221;.vc_custom_1658501378132{padding-bottom: 5% !important;}&#8221;][vc_column_text]<\/p>\n<p style=\"text-align: center; font-size: 75px; line-height: 100%; font-family: Arcamajora, Arial;\"><strong>Nuestra Historia<\/strong><\/p>\n<p>[\/vc_column_text][vc_column_text css=&#8221;.vc_custom_1658501225339{padding-right: 20% !important;padding-left: 20% !important;}&#8221;]<\/p>\n<p style=\"text-align: center;\">DRDA Art se fund\u00f3 con la visi\u00f3n de crear algo completamente diferente, un nuevo tipo de arte que fuera m\u00e1s all\u00e1, con piezas empoderadoras que la gente pudiera atesorar. Busc\u00e1bamos dar vida a obras de arte con conciencia social que promovieran el respeto, la tolerancia y la diversidad y que fueran de la m\u00e1xima calidad a un precio asequible.<\/p>\n<p>[\/vc_column_text][\/vc_column][\/vc_row][vc_row full_width=&#8221;stretch_row_content&#8221; css=&#8221;.vc_custom_1658501307137{background-color: #d5e1f7 !important;}&#8221;][vc_column offset=&#8221;vc_hidden-lg vc_hidden-md vc_hidden-sm&#8221; css=&#8221;.vc_custom_1658501449059{padding-bottom: 20% !important;}&#8221;][vc_column_text]<\/p>\n<p style=\"text-align: center; font-size: 50px; line-height: 100%; font-family: Arcamajora, Arial;\"><strong>Nuestra Historia<\/strong><\/p>\n<p>[\/vc_column_text][vc_column_text css=&#8221;.vc_custom_1658414222451{margin-bottom: 0px !important;padding-right: 5% !important;padding-left: 5% !important;}&#8221;]<\/p>\n<p style=\"text-align: center;\">DRDA Art se fund\u00f3 con la visi\u00f3n de crear algo completamente diferente, un nuevo tipo de arte que fuera m\u00e1s all\u00e1, con piezas empoderadoras que la gente pudiera atesorar. Busc\u00e1bamos dar vida a obras de arte con conciencia social que promovieran el respeto, la tolerancia y la diversidad y que fueran de la m\u00e1xima calidad a un precio asequible.<\/p>\n<p>[\/vc_column_text][\/vc_column][\/vc_row][vc_row full_width=&#8221;stretch_row_content&#8221; css=&#8221;.vc_custom_1658501494194{padding-top: 10% !important;background-color: #fff9d3 !important;}&#8221;][vc_column offset=&#8221;vc_hidden-xs&#8221; css=&#8221;.vc_custom_1658501525083{padding-bottom: 5% !important;}&#8221;][vc_column_text]<\/p>\n<p style=\"text-align: center; font-size: 75px; line-height: 100%; font-family: Arcamajora, Arial;\"><strong>El Recorrido<\/strong><\/p>\n<p>[\/vc_column_text][vc_column_text css=&#8221;.vc_custom_1658415880195{padding-right: 20% !important;padding-left: 20% !important;}&#8221;]<\/p>\n<p style=\"text-align: center;\">Por un lado: Mar\u00eda Jos\u00e9. Empresaria creativa mexicana y alma pol\u00edmata afincada en Barcelona desde 2001. &#8220;<em>S\u00e9 lo que es sentirse diferente. Ser una mujer emprendedora en un pa\u00eds alejado de mis ra\u00edces. Por otra parte, ver de primera mano c\u00f3mo la gente miraba mal a mi bella hermana por su discapacidad, incapaz de entender las diferencias de alguien. Cuando en realidad, todos somos diferentes<\/em>&#8220;.<\/p>\n<p>[\/vc_column_text][vc_single_image image=&#8221;2974&#8243; img_size=&#8221;large&#8221; alignment=&#8221;center&#8221;][vc_column_text css=&#8221;.vc_custom_1658415994570{padding-right: 20% !important;padding-left: 20% !important;}&#8221;]<\/p>\n<p style=\"text-align: center;\">En el otro lado: Toni. Un artista catal\u00e1n, fot\u00f3grafo, productor musical, dj, director de arte, dise\u00f1ador 3D y creativo polifac\u00e9tico. &#8220;<em>Empec\u00e9 en la m\u00fasica a los 12 a\u00f1os. Persiguiendo sin descanso mis pasiones, probando cosas nuevas. Nunca he encajado en una sola definici\u00f3n porque me encanta experimentar y crear, sin limitaciones.&#8221;<\/em><\/p>\n<p>[\/vc_column_text][vc_single_image image=&#8221;2109&#8243; img_size=&#8221;large&#8221; alignment=&#8221;center&#8221;][vc_column_text css=&#8221;.vc_custom_1658416002118{padding-right: 20% !important;padding-left: 20% !important;}&#8221;]<\/p>\n<p style=\"text-align: center;\">Como compa\u00f1eros de vida y de negocios, siempre hemos sido un equipo fuera de lo com\u00fan. Dirigiendo juntos <a href=\"https:\/\/www.instagram.com\/DRDigitalAgency\/\">DR Digital Agency<\/a>, nos hemos enfrentado a innumerables retos hasta que un d\u00eda descubrimos que las mismas cosas que durante a\u00f1os nos hicieron sentir que no encaj\u00e1bamos, eran la clave para hacer posible lo imposible. En esas diferencias resid\u00eda nuestro mayor poder.<\/p>\n<p style=\"text-align: center;\"><strong>Sentimos la llamada de crear un concepto totalmente nuevo, algo que siempre hab\u00eda estado ah\u00ed sin que lo supi\u00e9ramos necesitaba ser expresado. Ese d\u00eda naci\u00f3 DRDA ART.<\/strong><\/p>\n<p style=\"text-align: center;\">Un nuevo tipo de arte que se expresa sin tab\u00fas. Arte para ser aut\u00e9ntico y vivir con honestidad. Nuestro objetivo es ayudarte a abrazar tu yo m\u00e1s aut\u00e9ntico y que puedas sentir la poderosa energ\u00eda de tu autenticidad que te impulsar\u00e1 a conseguir cualquier reto que te propongas.<\/p>\n<p style=\"text-align: center;\">Bienvenido a DRDA Art, esperamos que disfrutes con nuestras colecciones. Acomp\u00e1\u00f1anos en este viaje de vivir con honestidad, promoviendo la diversidad y la autenticidad.<\/p>\n<p style=\"text-align: center;\"><em>Mar\u00eda Jos\u00e9 Gonz\u00e1lez y Toni Rubio<\/em><\/p>\n<p>[\/vc_column_text][\/vc_column][\/vc_row][vc_row full_width=&#8221;stretch_row_content&#8221; css=&#8221;.vc_custom_1658501562828{background-color: #fff9d3 !important;}&#8221;][vc_column offset=&#8221;vc_hidden-lg vc_hidden-md vc_hidden-sm&#8221; css=&#8221;.vc_custom_1658501614825{padding-bottom: 20% !important;}&#8221;][vc_column_text]<\/p>\n<p style=\"text-align: center; font-size: 50px; line-height: 100%; font-family: Arcamajora, Arial;\"><strong>El Recorrido<\/strong><\/p>\n<p>[\/vc_column_text][vc_column_text css=&#8221;.vc_custom_1658415970531{padding-right: 5% !important;padding-left: 5% !important;}&#8221;]<\/p>\n<p style=\"text-align: center;\">Por un lado: Mar\u00eda Jos\u00e9. Empresaria creativa mexicana y alma pol\u00edmata afincada en Barcelona desde 2001. &#8220;<em>S\u00e9 lo que es sentirse diferente. Ser una mujer emprendedora en un pa\u00eds alejado de mis ra\u00edces. Por otra parte, ver de primera mano c\u00f3mo la gente miraba mal a mi bella hermana por su discapacidad, incapaz de entender las diferencias de alguien. Cuando en realidad, todos somos diferentes<\/em>&#8220;.<\/p>\n<p>[\/vc_column_text][vc_single_image image=&#8221;2894&#8243; img_size=&#8221;large&#8221; alignment=&#8221;center&#8221;][vc_column_text css=&#8221;.vc_custom_1658416022040{padding-right: 5% !important;padding-left: 5% !important;}&#8221;]<\/p>\n<p style=\"text-align: center;\">En el otro lado: Toni. Un artista catal\u00e1n, fot\u00f3grafo, productor musical, dj, director de arte, dise\u00f1ador 3D y creativo polifac\u00e9tico. &#8220;<em>Empec\u00e9 en la m\u00fasica a los 12 a\u00f1os. Persiguiendo sin descanso mis pasiones, probando cosas nuevas. Nunca he encajado en una sola definici\u00f3n porque me encanta experimentar y crear, sin limitaciones.&#8221;<\/em><\/p>\n<p>[\/vc_column_text][vc_single_image image=&#8221;2109&#8243; img_size=&#8221;large&#8221; alignment=&#8221;center&#8221;][vc_column_text css=&#8221;.vc_custom_1658416012997{padding-right: 5% !important;padding-left: 5% !important;}&#8221;]<\/p>\n<p style=\"text-align: center;\">Como compa\u00f1eros de vida y de negocios, siempre hemos sido un equipo fuera de lo com\u00fan. Dirigiendo juntos <a href=\"https:\/\/www.instagram.com\/DRDigitalAgency\/\">DR Digital Agency<\/a>, nos hemos enfrentado a innumerables retos hasta que un d\u00eda descubrimos que las mismas cosas que durante a\u00f1os nos hicieron sentir que no encaj\u00e1bamos, eran la clave para hacer posible lo imposible. En esas diferencias resid\u00eda nuestro mayor poder.<\/p>\n<p style=\"text-align: center;\"><strong>Sentimos la llamada de crear un concepto totalmente nuevo, algo que siempre hab\u00eda estado ah\u00ed sin que lo supi\u00e9ramos necesitaba ser expresado. Ese d\u00eda naci\u00f3 DRDA ART.<\/strong><\/p>\n<p style=\"text-align: center;\">Un nuevo tipo de arte que se expresa sin tab\u00fas. Arte para ser aut\u00e9ntico y vivir con honestidad. Nuestro objetivo es ayudarte a abrazar tu yo m\u00e1s aut\u00e9ntico y que puedas sentir la poderosa energ\u00eda de tu autenticidad que te impulsar\u00e1 a conseguir cualquier reto que te propongas.<\/p>\n<p style=\"text-align: center;\">Bienvenido a DRDA Art, esperamos que disfrutes con nuestras colecciones. Acomp\u00e1\u00f1anos en este viaje de vivir con honestidad, promoviendo la diversidad y la autenticidad.<\/p>\n<p style=\"text-align: center;\"><em>Mar\u00eda Jos\u00e9 Gonz\u00e1lez y Toni Rubio<\/em><\/p>\n<p>[\/vc_column_text][\/vc_column][\/vc_row][vc_row full_width=&#8221;stretch_row_content&#8221; css=&#8221;.vc_custom_1658415291000{padding-top: 10% !important;background-color: #ffffff !important;}&#8221;][vc_column offset=&#8221;vc_hidden-xs&#8221;][vc_column_text]<\/p>\n<p style=\"text-align: center; font-size: 75px; line-height: 100%; font-family: Arcamajora, Arial;\"><strong>The Dr.<\/strong><\/p>\n<p>[\/vc_column_text][vc_column_text css=&#8221;.vc_custom_1658414906317{margin-bottom: 0px !important;padding-right: 20% !important;padding-left: 20% !important;}&#8221;]<\/p>\n<p style=\"text-align: center;\">Conozca al \u201cDr.\u201d, el personaje polifac\u00e9tico de DRDA Art que viaja por los ricos y amplios reinos de la diversidad, absorbiendo todo lo que descubre.\u00a0&#8220;Dr.&#8221;\u00a0explora la belleza de la diferencia en su sentido m\u00e1s amplio honrando momentos de la historia, personificando diferentes culturas, bailando con diversos ritmos y celebrando a artistas inspiradores, y m\u00e1s.<\/p>\n<p>[\/vc_column_text][vc_column_text][\/vc_column_text][vc_single_image image=&#8221;2108&#8243; img_size=&#8221;full&#8221; alignment=&#8221;center&#8221;][\/vc_column][\/vc_row][vc_row full_width=&#8221;stretch_row_content&#8221; css=&#8221;.vc_custom_1658414963503{background-color: #ffffff !important;}&#8221;][vc_column offset=&#8221;vc_hidden-lg vc_hidden-md vc_hidden-sm&#8221;][vc_column_text]<\/p>\n<p style=\"text-align: center; font-size: 50px; line-height: 100%; font-family: Arcamajora, Arial;\"><strong>The Dr.<\/strong><\/p>\n<p>[\/vc_column_text][vc_column_text css=&#8221;.vc_custom_1658415049243{padding-right: 5% !important;padding-left: 5% !important;}&#8221;]<\/p>\n<p style=\"text-align: center;\">Conozca al \u201cDr.\u201d, el personaje polifac\u00e9tico de DRDA Art que viaja por los ricos y amplios reinos de la diversidad, absorbiendo todo lo que descubre.\u00a0&#8220;Dr.&#8221;\u00a0explora la belleza de la diferencia en su sentido m\u00e1s amplio honrando momentos de la historia, personificando diferentes culturas, bailando con diversos ritmos y celebrando a artistas inspiradores, y m\u00e1s.<\/p>\n<p>[\/vc_column_text][vc_column_text][\/vc_column_text][vc_single_image image=&#8221;2108&#8243; img_size=&#8221;full&#8221; alignment=&#8221;center&#8221;][\/vc_column][\/vc_row][vc_row][vc_column][\/vc_column][\/vc_row]<\/p>\n","protected":false},"excerpt":{"rendered":"<p>[vc_row full_width=&#8221;stretch_row_content&#8221; full_height=&#8221;yes&#8221; css=&#8221;.vc_custom_1598621185937{margin-bottom: 0px !important;padding-top: 150px !important;padding-bottom: 150px !important;background-image: url(https:\/\/drdashop.com\/wp-content\/uploads\/2020\/08\/header-about-us-drda-art-03.jpg?id=1564) !important;background-position: center !important;background-repeat: no-repeat&#8230;<\/p>\n","protected":false},"author":14,"featured_media":0,"parent":0,"menu_order":0,"comment_status":"closed","ping_status":"closed","template":"","meta":{"footnotes":""},"class_list":["post-2103","page","type-page","status-publish","hentry"],"yoast_head":"<!-- This site is optimized with the Yoast SEO plugin v27.1.1 - https:\/\/yoast.com\/product\/yoast-seo-wordpress\/ -->\n<title>SOBRE NOSOTROS - DRDA Art<\/title>\n<meta name=\"robots\" content=\"index, follow, max-snippet:-1, max-image-preview:large, max-video-preview:-1\" \/>\n<link rel=\"canonical\" href=\"https:\/\/drdashop.com\/es\/sobre-nosotros\/\" \/>\n<meta property=\"og:locale\" content=\"es_ES\" \/>\n<meta property=\"og:type\" content=\"article\" \/>\n<meta property=\"og:title\" content=\"SOBRE NOSOTROS - DRDA Art\" \/>\n<meta property=\"og:description\" content=\"[vc_row full_width=&#8221;stretch_row_content&#8221; full_height=&#8221;yes&#8221; css=&#8221;.vc_custom_1598621185937{margin-bottom: 0px !important;padding-top: 150px !important;padding-bottom: 150px !important;background-image: url(https:\/\/drdashop.com\/wp-content\/uploads\/2020\/08\/header-about-us-drda-art-03.jpg?id=1564) !important;background-position: center !important;background-repeat: no-repeat...\" \/>\n<meta property=\"og:url\" content=\"https:\/\/drdashop.com\/es\/sobre-nosotros\/\" \/>\n<meta property=\"og:site_name\" content=\"DRDA Art\" \/>\n<meta property=\"article:modified_time\" content=\"2023-11-03T11:46:14+00:00\" \/>\n<meta property=\"og:image\" content=\"https:\/\/drdashop.com\/wp-content\/uploads\/2023\/11\/about-drda-art.jpg\" \/>\n\t<meta property=\"og:image:width\" content=\"1920\" \/>\n\t<meta property=\"og:image:height\" content=\"1080\" \/>\n\t<meta property=\"og:image:type\" content=\"image\/jpeg\" \/>\n<meta name=\"twitter:label1\" content=\"Tiempo de lectura\" \/>\n\t<meta name=\"twitter:data1\" content=\"5 minutos\" \/>\n<script type=\"application\/ld+json\" class=\"yoast-schema-graph\">{\"@context\":\"https:\/\/schema.org\",\"@graph\":[{\"@type\":\"WebPage\",\"@id\":\"https:\/\/drdashop.com\/es\/sobre-nosotros\/\",\"url\":\"https:\/\/drdashop.com\/es\/sobre-nosotros\/\",\"name\":\"SOBRE NOSOTROS - DRDA Art\",\"isPartOf\":{\"@id\":\"https:\/\/drdashop.com\/#website\"},\"datePublished\":\"2021-09-19T09:57:53+00:00\",\"dateModified\":\"2023-11-03T11:46:14+00:00\",\"breadcrumb\":{\"@id\":\"https:\/\/drdashop.com\/es\/sobre-nosotros\/#breadcrumb\"},\"inLanguage\":\"es\",\"potentialAction\":[{\"@type\":\"ReadAction\",\"target\":[\"https:\/\/drdashop.com\/es\/sobre-nosotros\/\"]}]},{\"@type\":\"BreadcrumbList\",\"@id\":\"https:\/\/drdashop.com\/es\/sobre-nosotros\/#breadcrumb\",\"itemListElement\":[{\"@type\":\"ListItem\",\"position\":1,\"name\":\"Home\",\"item\":\"https:\/\/drdashop.com\/es\/\"},{\"@type\":\"ListItem\",\"position\":2,\"name\":\"SOBRE NOSOTROS\"}]},{\"@type\":\"WebSite\",\"@id\":\"https:\/\/drdashop.com\/#website\",\"url\":\"https:\/\/drdashop.com\/\",\"name\":\"DRDA Art\",\"description\":\"We Speak Art. EST. 1989\",\"potentialAction\":[{\"@type\":\"SearchAction\",\"target\":{\"@type\":\"EntryPoint\",\"urlTemplate\":\"https:\/\/drdashop.com\/?s={search_term_string}\"},\"query-input\":{\"@type\":\"PropertyValueSpecification\",\"valueRequired\":true,\"valueName\":\"search_term_string\"}}],\"inLanguage\":\"es\"}]}<\/script>\n<!-- \/ Yoast SEO plugin. -->","yoast_head_json":{"title":"SOBRE NOSOTROS - DRDA Art","robots":{"index":"index","follow":"follow","max-snippet":"max-snippet:-1","max-image-preview":"max-image-preview:large","max-video-preview":"max-video-preview:-1"},"canonical":"https:\/\/drdashop.com\/es\/sobre-nosotros\/","og_locale":"es_ES","og_type":"article","og_title":"SOBRE NOSOTROS - DRDA Art","og_description":"[vc_row full_width=&#8221;stretch_row_content&#8221; full_height=&#8221;yes&#8221; css=&#8221;.vc_custom_1598621185937{margin-bottom: 0px !important;padding-top: 150px !important;padding-bottom: 150px !important;background-image: url(https:\/\/drdashop.com\/wp-content\/uploads\/2020\/08\/header-about-us-drda-art-03.jpg?id=1564) !important;background-position: center !important;background-repeat: no-repeat...","og_url":"https:\/\/drdashop.com\/es\/sobre-nosotros\/","og_site_name":"DRDA Art","article_modified_time":"2023-11-03T11:46:14+00:00","og_image":[{"width":1920,"height":1080,"url":"https:\/\/drdashop.com\/wp-content\/uploads\/2023\/11\/about-drda-art.jpg","type":"image\/jpeg"}],"twitter_misc":{"Tiempo de lectura":"5 minutos"},"schema":{"@context":"https:\/\/schema.org","@graph":[{"@type":"WebPage","@id":"https:\/\/drdashop.com\/es\/sobre-nosotros\/","url":"https:\/\/drdashop.com\/es\/sobre-nosotros\/","name":"SOBRE NOSOTROS - DRDA Art","isPartOf":{"@id":"https:\/\/drdashop.com\/#website"},"datePublished":"2021-09-19T09:57:53+00:00","dateModified":"2023-11-03T11:46:14+00:00","breadcrumb":{"@id":"https:\/\/drdashop.com\/es\/sobre-nosotros\/#breadcrumb"},"inLanguage":"es","potentialAction":[{"@type":"ReadAction","target":["https:\/\/drdashop.com\/es\/sobre-nosotros\/"]}]},{"@type":"BreadcrumbList","@id":"https:\/\/drdashop.com\/es\/sobre-nosotros\/#breadcrumb","itemListElement":[{"@type":"ListItem","position":1,"name":"Home","item":"https:\/\/drdashop.com\/es\/"},{"@type":"ListItem","position":2,"name":"SOBRE NOSOTROS"}]},{"@type":"WebSite","@id":"https:\/\/drdashop.com\/#website","url":"https:\/\/drdashop.com\/","name":"DRDA Art","description":"We Speak Art. EST. 1989","potentialAction":[{"@type":"SearchAction","target":{"@type":"EntryPoint","urlTemplate":"https:\/\/drdashop.com\/?s={search_term_string}"},"query-input":{"@type":"PropertyValueSpecification","valueRequired":true,"valueName":"search_term_string"}}],"inLanguage":"es"}]}},"_links":{"self":[{"href":"https:\/\/drdashop.com\/es\/wp-json\/wp\/v2\/pages\/2103","targetHints":{"allow":["GET"]}}],"collection":[{"href":"https:\/\/drdashop.com\/es\/wp-json\/wp\/v2\/pages"}],"about":[{"href":"https:\/\/drdashop.com\/es\/wp-json\/wp\/v2\/types\/page"}],"author":[{"embeddable":true,"href":"https:\/\/drdashop.com\/es\/wp-json\/wp\/v2\/users\/14"}],"replies":[{"embeddable":true,"href":"https:\/\/drdashop.com\/es\/wp-json\/wp\/v2\/comments?post=2103"}],"version-history":[{"count":35,"href":"https:\/\/drdashop.com\/es\/wp-json\/wp\/v2\/pages\/2103\/revisions"}],"predecessor-version":[{"id":5997,"href":"https:\/\/drdashop.com\/es\/wp-json\/wp\/v2\/pages\/2103\/revisions\/5997"}],"wp:attachment":[{"href":"https:\/\/drdashop.com\/es\/wp-json\/wp\/v2\/media?parent=2103"}],"curies":[{"name":"wp","href":"https:\/\/api.w.org\/{rel}","templated":true}]}}